{"id":146,"date":"2025-02-20T17:19:36","date_gmt":"2025-02-20T16:19:36","guid":{"rendered":"http:\/\/www.apic-entrepriseadaptee.com\/?page_id=146"},"modified":"2025-10-24T12:15:39","modified_gmt":"2025-10-24T10:15:39","slug":"mise-a-disposition-de-personnel","status":"publish","type":"page","link":"https:\/\/www.apic-entrepriseadaptee.com\/?page_id=146","title":{"rendered":"Mise \u00e0 disposition de personnel"},"content":{"rendered":"<p>[et_pb_section fb_built=\u00a0\u00bb1&Prime; fullwidth=\u00a0\u00bbon\u00a0\u00bb _builder_version=\u00a0\u00bb4.27.4&Prime; _module_preset=\u00a0\u00bbdefault\u00a0\u00bb background_image=\u00a0\u00bbhttps:\/\/www.apic-entrepriseadaptee.com\/wp-content\/uploads\/2025\/02\/portrait-man-working-as-warehouse-attendant-scaled-e1740735059414.jpg\u00a0\u00bb parallax=\u00a0\u00bbon\u00a0\u00bb global_colors_info=\u00a0\u00bb{}\u00a0\u00bb][et_pb_fullwidth_slider _builder_version=\u00a0\u00bb4.27.4&Prime; _module_preset=\u00a0\u00bbdefault\u00a0\u00bb background_image=\u00a0\u00bbhttps:\/\/www.apic-entrepriseadaptee.com\/wp-content\/uploads\/2025\/07\/2151468925.jpg\u00a0\u00bb parallax=\u00a0\u00bbon\u00a0\u00bb global_colors_info=\u00a0\u00bb{}\u00a0\u00bb][et_pb_slide heading=\u00a0\u00bbMise \u00e0 disposition de personnel\u00a0\u00bb button_text=\u00a0\u00bbDemander votre devis\u00a0\u00bb button_link=\u00a0\u00bbhttps:\/\/www.apic-entrepriseadaptee.com\/?page_id=514&Prime; _builder_version=\u00a0\u00bb4.27.4&Prime; _module_preset=\u00a0\u00bbdefault\u00a0\u00bb global_colors_info=\u00a0\u00bb{}\u00a0\u00bb sticky_transition=\u00a0\u00bbon\u00a0\u00bb]<\/p>\n<p>Pr\u00e9parateur de commande, magasinier, op\u00e9rateur sur ligne de protection, cariste, soudeur, agent d&rsquo;entretien, agent de restauration&#8230;<\/p>\n<p>[\/et_pb_slide][\/et_pb_fullwidth_slider][\/et_pb_section][et_pb_section fb_built=\u00a0\u00bb1&Prime; _builder_version=\u00a0\u00bb4.27.4&Prime; _module_preset=\u00a0\u00bbdefault\u00a0\u00bb custom_margin=\u00a0\u00bb0px||0px||false|false\u00a0\u00bb custom_padding=\u00a0\u00bb0px||0px||false|false\u00a0\u00bb global_colors_info=\u00a0\u00bb{}\u00a0\u00bb][et_pb_row _builder_version=\u00a0\u00bb4.27.4&Prime; _module_preset=\u00a0\u00bbdefault\u00a0\u00bb custom_padding=\u00a0\u00bb||0px|||\u00a0\u00bb global_colors_info=\u00a0\u00bb{}\u00a0\u00bb][et_pb_column type=\u00a0\u00bb4_4&Prime; _builder_version=\u00a0\u00bb4.27.4&Prime; _module_preset=\u00a0\u00bbdefault\u00a0\u00bb global_colors_info=\u00a0\u00bb{}\u00a0\u00bb][et_pb_heading title=\u00a0\u00bbD\u00e9couvrez L&rsquo;Apic, entreprise adapt\u00e9e\u00a0\u00bb _builder_version=\u00a0\u00bb4.27.4&Prime; _module_preset=\u00a0\u00bbdefault\u00a0\u00bb title_font=\u00a0\u00bb|700|||||||\u00a0\u00bb title_text_align=\u00a0\u00bbcenter\u00a0\u00bb title_text_color=\u00a0\u00bb#253779&Prime; global_colors_info=\u00a0\u00bb{}\u00a0\u00bb][\/et_pb_heading][et_pb_text _builder_version=\u00a0\u00bb4.27.4&Prime; _module_preset=\u00a0\u00bbdefault\u00a0\u00bb global_colors_info=\u00a0\u00bb{}\u00a0\u00bb]<\/p>\n<p><span style=\"color: #000000; font-size: 14px;\">\u2696\ufe0f <\/span><strong style=\"color: #000000; font-size: 14px;\">Un cadre juridique s\u00e9curis\u00e9<\/strong><\/p>\n<p><span style=\"color: #000000;\">La mise \u00e0 disposition dans une entreprise adapt\u00e9e est encadr\u00e9e par le d\u00e9cret n\u00b02019-39 du 23 janvier 2019, issu de la loi \u00ab\u00a0Avenir professionnel\u00a0\u00bb. Ce dispositif permet \u00e0 une entreprise utilisatrice de b\u00e9n\u00e9ficier temporairement des comp\u00e9tences d\u2019un salari\u00e9 en situation de handicap, tout en \u00e9tant exon\u00e9r\u00e9e des contraintes administratives li\u00e9es \u00e0 l\u2019embauche directe.<\/span><\/p>\n<p><span style=\"color: #000000;\"><\/span><\/p>\n<p><span style=\"color: #000000;\"><\/span><\/p>\n<p><span style=\"color: #000000;\">\ud83e\udd1d <strong>Objectifs de la mise \u00e0 disposition<\/strong><\/span><\/p>\n<ol>\n<li><span style=\"color: #000000;\">Favoriser l\u2019inclusion : immersion en milieu ordinaire pour les travailleurs handicap\u00e9s<\/span><\/li>\n<li><span style=\"color: #000000;\">S\u00e9curiser les parcours : accompagnement personnalis\u00e9, formations adapt\u00e9es, m\u00e9diation<\/span><\/li>\n<li><span style=\"color: #000000;\">Pr\u00e9parer une embauche : p\u00e9riode transitoire avant un recrutement en CDI<\/span><\/li>\n<\/ol>\n<p><span style=\"color: #000000;\"><\/span><\/p>\n<p><span style=\"color: #000000;\">\ud83d\udcbc <strong>Tous m\u00e9tiers, tous secteurs<\/strong><\/span><\/p>\n<p><span style=\"color: #000000;\">Nous intervenons dans tous les domaines d\u2019activit\u00e9 : logistique, administratif, nettoyage, conditionnement&#8230; Nos prestations sur sites sont flexibles, avec des p\u00e9riodes modulables et des co\u00fbts ma\u00eetris\u00e9s.<\/span><\/p>\n<p><span style=\"color: #000000;\"><\/span><\/p>\n<p><span style=\"color: #000000;\">\ud83e\uddd1\u200d\ud83d\udd27 <strong>Moyens mobilis\u00e9s<\/strong><\/span><\/p>\n<p><span style=\"color: #000000;\">Intervention d&rsquo;une \u00e9quipe pluridisciplinaire avec une partie commerciale, une conseill\u00e8re en insertion professionnelle et un encadrant technique sp\u00e9cialis\u00e9<\/span><\/p>\n<p><span style=\"color: #000000;\"><\/span><\/p>\n<p><span style=\"color: #000000;\">\ud83d\udee0\ufe0f <strong>Des avantages concrets pour votre entreprise<\/strong><\/span><\/p>\n<p><span style=\"color: #000000;\">\u2705 R\u00e9duction de votre contribution AGEFIPH<\/span><\/p>\n<p><span style=\"color: #000000;\">\u2705 Int\u00e9gration progressive de futurs collaborateurs<\/span><\/p>\n<p><span style=\"color: #000000;\">\u2705 Accompagnement professionnel sans charge RH imm\u00e9diate<\/span><\/p>\n<p><span style=\"color: #000000;\">\u2705 Clause sociale et clause d\u2019insertion : un levier strat\u00e9gique pour remporter des march\u00e9s publics.<\/span><\/p>\n<p><span style=\"color: #000000;\">\u2705 Pouvoir b\u00e9n\u00e9ficier de la RLH simplifi\u00e9e<\/span><\/p>\n<p>&nbsp;<\/p>\n<p><span style=\"color: #000000;\">\ud83d\udd0d <strong>Prestation de service ou mise \u00e0 disposition ? Le bon choix selon vos besoins<\/strong><\/span><\/p>\n<table>\n<thead>\n<tr>\n<td style=\"text-align: center;\">\n<p><strong><span style=\"color: #000000;\">CRITERES<\/span><\/strong><\/p>\n<\/td>\n<td style=\"text-align: center;\">\n<p><strong><span style=\"color: #000000;\">PRESTATIONS DE SERVICE<\/span><\/strong><\/p>\n<\/td>\n<td style=\"text-align: center;\">\n<p><strong><span style=\"color: #000000;\">MISE A DISPOSITION DE PERSONNEL<\/span><\/strong><\/p>\n<\/td>\n<\/tr>\n<\/thead>\n<tbody>\n<tr>\n<td style=\"text-align: center;\">\n<p><span style=\"color: #000000;\">D\u00e9finition<\/span><\/p>\n<\/td>\n<td style=\"text-align: center;\">\n<p><span style=\"color: #000000;\">L\u2019EA r\u00e9alise une mission avec ses moyens<\/span><\/p>\n<\/td>\n<td style=\"text-align: center;\">\n<p><span style=\"color: #000000;\">Le salari\u00e9 est int\u00e9gr\u00e9 dans votre \u00e9quipe<\/span><\/p>\n<\/td>\n<\/tr>\n<tr>\n<td style=\"text-align: center;\">\n<p><span style=\"color: #000000;\">Encadrement<\/span><\/p>\n<\/td>\n<td style=\"text-align: center;\">\n<p><span style=\"color: #000000;\">Par l\u2019EA<\/span><\/p>\n<\/td>\n<td style=\"text-align: center;\">\n<p><span style=\"color: #000000;\">Par l\u2019entreprise utilisatrice<\/span><\/p>\n<\/td>\n<\/tr>\n<tr>\n<td style=\"text-align: center;\">\n<p><span style=\"color: #000000;\">Objectif<\/span><\/p>\n<\/td>\n<td style=\"text-align: center;\">\n<p><span style=\"color: #000000;\">Externalisation<\/span><\/p>\n<\/td>\n<td style=\"text-align: center;\">\n<p><span style=\"color: #000000;\">Insertion professionnelle<\/span><\/p>\n<\/td>\n<\/tr>\n<tr>\n<td style=\"text-align: center;\">\n<p><span style=\"color: #000000;\">Lieu<\/span><\/p>\n<\/td>\n<td style=\"text-align: center;\">\n<p><span style=\"color: #000000;\">Chez l\u2019EA ou sur site client<\/span><\/p>\n<\/td>\n<td style=\"text-align: center;\">\n<p><span style=\"color: #000000;\">Dans vos locaux<\/span><\/p>\n<\/td>\n<\/tr>\n<tr>\n<td style=\"text-align: center;\">\n<p><span style=\"color: #000000;\">Facturation<\/span><\/p>\n<\/td>\n<td style=\"text-align: center;\">\n<p><span style=\"color: #000000;\">Par mission ou volume<\/span><\/p>\n<\/td>\n<td style=\"text-align: center;\">\n<p><span style=\"color: #000000;\">Par temps de travail<\/span><\/p>\n<\/td>\n<\/tr>\n<tr>\n<td style=\"text-align: center;\">\n<p><span style=\"color: #000000;\">Cadre juridique<\/span><\/p>\n<\/td>\n<td style=\"text-align: center;\">\n<p><span style=\"color: #000000;\">Contrat de prestation<\/span><\/p>\n<\/td>\n<td style=\"text-align: center;\">\n<p><span style=\"color: #000000;\">Contrat sp\u00e9cifique (d\u00e9cret 2019-39)<\/span><\/p>\n<\/td>\n<\/tr>\n<tr>\n<td style=\"text-align: center;\">\n<p><span style=\"color: #000000;\">Lien avec l\u2019OETH<\/span><\/p>\n<\/td>\n<td style=\"text-align: center;\">\n<p><span style=\"color: #000000;\">D\u00e9duction partielle<\/span><\/p>\n<\/td>\n<td style=\"text-align: center;\">\n<p><span style=\"color: #000000;\">D\u00e9duction directe et valorisante<\/span><\/p>\n<\/td>\n<\/tr>\n<\/tbody>\n<\/table>\n<p>&nbsp;<\/p>\n<p>[\/et_pb_text][\/et_pb_column][\/et_pb_row][\/et_pb_section][et_pb_section fb_built=\u00a0\u00bb1&Prime; _builder_version=\u00a0\u00bb4.27.4&Prime; _module_preset=\u00a0\u00bbdefault\u00a0\u00bb custom_margin=\u00a0\u00bb0px||0px||false|false\u00a0\u00bb custom_padding=\u00a0\u00bb0px||0px||false|false\u00a0\u00bb global_colors_info=\u00a0\u00bb{}\u00a0\u00bb][et_pb_row column_structure=\u00a0\u00bb3_5,2_5&Prime; _builder_version=\u00a0\u00bb4.27.4&Prime; _module_preset=\u00a0\u00bbdefault\u00a0\u00bb global_colors_info=\u00a0\u00bb{}\u00a0\u00bb][et_pb_column type=\u00a0\u00bb3_5&Prime; _builder_version=\u00a0\u00bb4.27.4&Prime; _module_preset=\u00a0\u00bbdefault\u00a0\u00bb global_colors_info=\u00a0\u00bb{}\u00a0\u00bb][et_pb_text _builder_version=\u00a0\u00bb4.27.4&Prime; _module_preset=\u00a0\u00bbdefault\u00a0\u00bb global_colors_info=\u00a0\u00bb{}\u00a0\u00bb]<\/p>\n<p data-start=\"2658\" data-end=\"2729\"><span style=\"color: #000000;\">\ud83d\udcde<strong> Besoin d&rsquo;une mise \u00e0 disposition ? Contactez-nous !<\/strong><\/span><\/p>\n<p data-start=\"2731\" data-end=\"3000\"><span style=\"color: #000000;\">L&rsquo;Apic vous accompagne dans vos besoins en personnels (par le biais de la mise \u00e0 disposition ou prestation sur site) tout en r\u00e9pondant \u00e0 vos enjeux Rh, sociaux et r\u00e9glementaire. Demandez votre devis personnalis\u00e9 d\u00e8s maintenant !\u00a0<\/span><\/p>\n<p>[\/et_pb_text][\/et_pb_column][et_pb_column type=\u00a0\u00bb2_5&Prime; _builder_version=\u00a0\u00bb4.27.4&Prime; _module_preset=\u00a0\u00bbdefault\u00a0\u00bb global_colors_info=\u00a0\u00bb{}\u00a0\u00bb][et_pb_button button_url=\u00a0\u00bbhttps:\/\/www.apic-entrepriseadaptee.com\/?page_id=514&Prime; button_text=\u00a0\u00bbDemandez votre devis !\u00a0\u00bb _builder_version=\u00a0\u00bb4.27.4&Prime; _module_preset=\u00a0\u00bbdefault\u00a0\u00bb custom_margin=\u00a0\u00bb30px|||30px|false|false\u00a0\u00bb global_colors_info=\u00a0\u00bb{}\u00a0\u00bb][\/et_pb_button][\/et_pb_column][\/et_pb_row][\/et_pb_section][et_pb_section fb_built=\u00a0\u00bb1&Prime; _builder_version=\u00a0\u00bb4.27.4&Prime; _module_preset=\u00a0\u00bbdefault\u00a0\u00bb custom_padding=\u00a0\u00bb55px|||||\u00a0\u00bb global_colors_info=\u00a0\u00bb{}\u00a0\u00bb][et_pb_row _builder_version=\u00a0\u00bb4.27.4&Prime; _module_preset=\u00a0\u00bbdefault\u00a0\u00bb global_colors_info=\u00a0\u00bb{}\u00a0\u00bb][et_pb_column type=\u00a0\u00bb4_4&Prime; _builder_version=\u00a0\u00bb4.27.4&Prime; _module_preset=\u00a0\u00bbdefault\u00a0\u00bb global_colors_info=\u00a0\u00bb{}\u00a0\u00bb][et_pb_heading title=\u00a0\u00bbIls nous recommandent &#8230;\u00a0\u00bb _builder_version=\u00a0\u00bb4.27.4&Prime; _module_preset=\u00a0\u00bbdefault\u00a0\u00bb title_level=\u00a0\u00bbh3&Prime; title_font=\u00a0\u00bb|700|||||||\u00a0\u00bb title_text_align=\u00a0\u00bbleft\u00a0\u00bb title_text_color=\u00a0\u00bb#253779&Prime; global_colors_info=\u00a0\u00bb{}\u00a0\u00bb][\/et_pb_heading][\/et_pb_column][\/et_pb_row][et_pb_row column_structure=\u00a0\u00bb1_2,1_2&Prime; _builder_version=\u00a0\u00bb4.27.4&Prime; _module_preset=\u00a0\u00bbdefault\u00a0\u00bb global_colors_info=\u00a0\u00bb{}\u00a0\u00bb][et_pb_column type=\u00a0\u00bb1_2&Prime; _builder_version=\u00a0\u00bb4.27.4&Prime; _module_preset=\u00a0\u00bbdefault\u00a0\u00bb global_colors_info=\u00a0\u00bb{}\u00a0\u00bb][et_pb_testimonial portrait_url=\u00a0\u00bbhttps:\/\/www.apic-entrepriseadaptee.com\/wp-content\/uploads\/2025\/10\/Capture-decran-2025-10-24-121428.jpg\u00a0\u00bb quote_icon=\u00a0\u00bboff\u00a0\u00bb portrait_width=\u00a0\u00bb90px\u00a0\u00bb portrait_height=\u00a0\u00bb85px\u00a0\u00bb author_tablet=\u00a0\u00bbLS Production \u00a0\u00bb author_phone=\u00a0\u00bbLS Production \u00a0\u00bb author_last_edited=\u00a0\u00bbon|desktop\u00a0\u00bb _builder_version=\u00a0\u00bb4.27.4&Prime; _module_preset=\u00a0\u00bbdefault\u00a0\u00bb author_font_size=\u00a0\u00bb12px\u00a0\u00bb author_line_height=\u00a0\u00bb1em\u00a0\u00bb custom_margin=\u00a0\u00bb0px||0px||false|false\u00a0\u00bb custom_padding=\u00a0\u00bb20px||0px||false|false\u00a0\u00bb hover_enabled=\u00a0\u00bb0&Prime; border_radii=\u00a0\u00bbon|25px|25px|25px|25px\u00a0\u00bb border_radii_portrait=\u00a0\u00bbon|0px|0px|0px|0px\u00a0\u00bb border_style_all_portrait=\u00a0\u00bbnone\u00a0\u00bb global_colors_info=\u00a0\u00bb{}\u00a0\u00bb title_text=\u00a0\u00bbCapture d\u2019\u00e9cran 2025-10-24 121428&Prime; sticky_enabled=\u00a0\u00bb0&Prime;]<\/p>\n<p class=\"xmsonormal\" style=\"text-align: justify;\">Voila plusieurs ann\u00e9es que nous collaborons avec l&rsquo;Apic je note bien collaborer et non travailler car la relation entre nos deux soci\u00e9t\u00e9s est r\u00e9ellement une collaboration, un partenariat.<o:p><\/o:p><\/p>\n<p class=\"xmsonormal\" style=\"text-align: justify;\">En effet celle-ci a commenc\u00e9 par un CDD Tremplin de Marie Claude tout d\u2019abord un CDD puis un CDI.<o:p><\/o:p><\/p>\n<p class=\"xmsonormal\" style=\"text-align: justify;\">L&rsquo;Apic a su trouver exactement le type de personne qu\u2019il nous fallait et surtout en ad\u00e9quation avec nos valeurs.<o:p><\/o:p><\/p>\n<p class=\"xmsonormal\" style=\"text-align: justify;\">Puis nous avons continu\u00e9 par la fabrication de nos matelas isolant, nous fournissons toute la mati\u00e8re et l&rsquo;Apic nous assemble le tout, un travail tr\u00e8s bien fait et dans le respect des d\u00e9lais<o:p><\/o:p><\/p>\n<p class=\"xmsonormal\" style=\"text-align: justify;\">Bref je recommande vivement \u00e0 tous de travailler avec eux pour leurs s\u00e9rieux et leurs professionnalismes.<o:p><\/o:p><\/p>\n<p>[\/et_pb_testimonial][\/et_pb_column][et_pb_column type=\u00a0\u00bb1_2&Prime; _builder_version=\u00a0\u00bb4.27.4&Prime; _module_preset=\u00a0\u00bbdefault\u00a0\u00bb global_colors_info=\u00a0\u00bb{}\u00a0\u00bb][et_pb_image src=\u00a0\u00bbhttps:\/\/www.apic-entrepriseadaptee.com\/wp-content\/uploads\/2025\/09\/2149384823.jpg\u00a0\u00bb title_text=\u00a0\u00bb2149384823&Prime; _builder_version=\u00a0\u00bb4.27.4&Prime; _module_preset=\u00a0\u00bbdefault\u00a0\u00bb custom_margin=\u00a0\u00bb1px||1px||false|false\u00a0\u00bb custom_padding=\u00a0\u00bb50px||1px||false|false\u00a0\u00bb border_radii=\u00a0\u00bbon|20px|20px|20px|20px\u00a0\u00bb global_colors_info=\u00a0\u00bb{}\u00a0\u00bb][\/et_pb_image][\/et_pb_column][\/et_pb_row][\/et_pb_section]<\/p>\n","protected":false},"excerpt":{"rendered":"<p>Pr\u00e9parateur de commande, magasinier, op\u00e9rateur sur ligne de protection, cariste, soudeur, agent d&rsquo;entretien, agent de restauration&#8230;\u2696\ufe0f Un cadre juridique s\u00e9curis\u00e9 La mise \u00e0 disposition dans une entreprise adapt\u00e9e est encadr\u00e9e par le d\u00e9cret n\u00b02019-39 du 23 janvier 2019, issu de la loi \u00ab\u00a0Avenir professionnel\u00a0\u00bb. Ce dispositif permet \u00e0 une entreprise utilisatrice de b\u00e9n\u00e9ficier temporairement des [&hellip;]<\/p>\n","protected":false},"author":1,"featured_media":0,"parent":0,"menu_order":0,"comment_status":"closed","ping_status":"closed","template":"","meta":{"_et_pb_use_builder":"on","_et_pb_old_content":"","_et_gb_content_width":"","footnotes":""},"class_list":["post-146","page","type-page","status-publish","hentry"],"_links":{"self":[{"href":"https:\/\/www.apic-entrepriseadaptee.com\/index.php?rest_route=\/wp\/v2\/pages\/146","targetHints":{"allow":["GET"]}}],"collection":[{"href":"https:\/\/www.apic-entrepriseadaptee.com\/index.php?rest_route=\/wp\/v2\/pages"}],"about":[{"href":"https:\/\/www.apic-entrepriseadaptee.com\/index.php?rest_route=\/wp\/v2\/types\/page"}],"author":[{"embeddable":true,"href":"https:\/\/www.apic-entrepriseadaptee.com\/index.php?rest_route=\/wp\/v2\/users\/1"}],"replies":[{"embeddable":true,"href":"https:\/\/www.apic-entrepriseadaptee.com\/index.php?rest_route=%2Fwp%2Fv2%2Fcomments&post=146"}],"version-history":[{"count":14,"href":"https:\/\/www.apic-entrepriseadaptee.com\/index.php?rest_route=\/wp\/v2\/pages\/146\/revisions"}],"predecessor-version":[{"id":630,"href":"https:\/\/www.apic-entrepriseadaptee.com\/index.php?rest_route=\/wp\/v2\/pages\/146\/revisions\/630"}],"wp:attachment":[{"href":"https:\/\/www.apic-entrepriseadaptee.com\/index.php?rest_route=%2Fwp%2Fv2%2Fmedia&parent=146"}],"curies":[{"name":"wp","href":"https:\/\/api.w.org\/{rel}","templated":true}]}}