{"id":140,"date":"2025-02-20T17:18:17","date_gmt":"2025-02-20T16:18:17","guid":{"rendered":"http:\/\/www.apic-entrepriseadaptee.com\/?page_id=140"},"modified":"2025-11-04T12:05:39","modified_gmt":"2025-11-04T11:05:39","slug":"cablage-industriel","status":"publish","type":"page","link":"https:\/\/www.apic-entrepriseadaptee.com\/?page_id=140","title":{"rendered":"C\u00e2blage industriel"},"content":{"rendered":"<p>[et_pb_section fb_built=\u00a0\u00bb1&Prime; fullwidth=\u00a0\u00bbon\u00a0\u00bb _builder_version=\u00a0\u00bb4.27.4&Prime; _module_preset=\u00a0\u00bbdefault\u00a0\u00bb background_image=\u00a0\u00bbhttps:\/\/www.apic-entrepriseadaptee.com\/wp-content\/uploads\/2025\/02\/portrait-man-working-as-warehouse-attendant-scaled-e1740735059414.jpg\u00a0\u00bb parallax=\u00a0\u00bbon\u00a0\u00bb global_colors_info=\u00a0\u00bb{}\u00a0\u00bb][et_pb_fullwidth_slider _builder_version=\u00a0\u00bb4.27.4&Prime; _module_preset=\u00a0\u00bbdefault\u00a0\u00bb background_image=\u00a0\u00bbhttps:\/\/www.apic-entrepriseadaptee.com\/wp-content\/uploads\/2025\/07\/16355.jpg\u00a0\u00bb parallax=\u00a0\u00bbon\u00a0\u00bb global_colors_info=\u00a0\u00bb{}\u00a0\u00bb][et_pb_slide heading=\u00a0\u00bbC\u00e2blage industriel\u00a0\u00bb button_text=\u00a0\u00bbDemander votre devis\u00a0\u00bb button_link=\u00a0\u00bbhttps:\/\/www.apic-entrepriseadaptee.com\/?page_id=498&Prime; _builder_version=\u00a0\u00bb4.27.4&Prime; _module_preset=\u00a0\u00bbdefault\u00a0\u00bb global_colors_info=\u00a0\u00bb{}\u00a0\u00bb sticky_transition=\u00a0\u00bbon\u00a0\u00bb]<\/p>\n<p>Faisceaux, Platines, Coffret, coupe, sertissage toutes sections, petites et moyennes s\u00e9ries, soudures \u00e9lectroniques<\/p>\n<p>[\/et_pb_slide][\/et_pb_fullwidth_slider][\/et_pb_section][et_pb_section fb_built=\u00a0\u00bb1&Prime; _builder_version=\u00a0\u00bb4.27.4&Prime; _module_preset=\u00a0\u00bbdefault\u00a0\u00bb custom_margin=\u00a0\u00bb0px||0px||false|false\u00a0\u00bb custom_padding=\u00a0\u00bb0px||20px||false|false\u00a0\u00bb global_colors_info=\u00a0\u00bb{}\u00a0\u00bb][et_pb_row _builder_version=\u00a0\u00bb4.27.4&Prime; _module_preset=\u00a0\u00bbdefault\u00a0\u00bb custom_margin=\u00a0\u00bb0px||0px||false|false\u00a0\u00bb custom_padding=\u00a0\u00bb0px||0px||false|false\u00a0\u00bb global_colors_info=\u00a0\u00bb{}\u00a0\u00bb][et_pb_column type=\u00a0\u00bb4_4&Prime; _builder_version=\u00a0\u00bb4.27.4&Prime; _module_preset=\u00a0\u00bbdefault\u00a0\u00bb global_colors_info=\u00a0\u00bb{}\u00a0\u00bb][et_pb_heading title=\u00a0\u00bbNotre savoir-faire  au service de vos projets industriels\u00a0\u00bb _builder_version=\u00a0\u00bb4.27.4&Prime; _module_preset=\u00a0\u00bbdefault\u00a0\u00bb title_font=\u00a0\u00bb|700|||||||\u00a0\u00bb title_text_align=\u00a0\u00bbcenter\u00a0\u00bb title_text_color=\u00a0\u00bb#253779&Prime; custom_margin=\u00a0\u00bb0px||0px||false|false\u00a0\u00bb custom_padding=\u00a0\u00bb20px||0px||false|false\u00a0\u00bb global_colors_info=\u00a0\u00bb{}\u00a0\u00bb][\/et_pb_heading][\/et_pb_column][\/et_pb_row][et_pb_row column_structure=\u00a0\u00bb1_2,1_2&Prime; _builder_version=\u00a0\u00bb4.27.4&Prime; _module_preset=\u00a0\u00bbdefault\u00a0\u00bb global_colors_info=\u00a0\u00bb{}\u00a0\u00bb][et_pb_column type=\u00a0\u00bb1_2&Prime; _builder_version=\u00a0\u00bb4.27.4&Prime; _module_preset=\u00a0\u00bbdefault\u00a0\u00bb global_colors_info=\u00a0\u00bb{}\u00a0\u00bb][et_pb_text _builder_version=\u00a0\u00bb4.27.4&Prime; _module_preset=\u00a0\u00bbdefault\u00a0\u00bb global_colors_info=\u00a0\u00bb{}\u00a0\u00bb]<\/p>\n<p><span style=\"color: #000000;\">\ud83e\uddf0 <strong>Un m\u00e9tier technique et polyvalent<\/strong><\/span><span style=\"color: #000000;\"><\/span><\/p>\n<p><span style=\"color: #000000;\">Nos c\u00e2bleurs ma\u00eetrisent l\u2019ensemble des op\u00e9rations n\u00e9cessaires \u00e0 la fabrication de syst\u00e8mes \u00e9lectriques et \u00e9lectroniques :<\/span><\/p>\n<ul>\n<li><span style=\"color: #000000;\">Pr\u00e9paration filaire : coupe \u00e0 longueur, d\u00e9nudage, sertissage de connectiques, \u00e9tamage<\/span><\/li>\n<li><span style=\"color: #000000;\">R\u00e9alisation de faisceaux \u00e9lectriques et soudure \u00e9lectronique sur circuits imprim\u00e9s \u00e0 l\u2019aide de stations de soudage.<\/span><\/li>\n<li><span style=\"color: #000000;\">Usinage de bo\u00eetiers, coffrets, tableaux, pupitres, avec d\u00e9coupe de profil\u00e9s, d\u00e9coupe de goulottes, pr\u00e9paration de platines et borniers<\/span><\/li>\n<li><span style=\"color: #000000;\">Contr\u00f4le de continuit\u00e9, tests de fonctionnement sur toutes sections de c\u00e2bles, de 0.34 mm\u00b2 \u00e0 120 mm\u00b2<\/span><\/li>\n<li><span style=\"color: #000000;\">C\u00e2blage de c\u00e2bles d\u2019alimentation et de commande<\/span><\/li>\n<\/ul>\n<p><span style=\"color: #000000;\">\u00a0<\/span><\/p>\n<p><span style=\"color: #000000;\">\ud83d\udcd0 <strong>De la conception \u00e0 la production<\/strong><\/span><\/p>\n<p><span style=\"color: #000000;\">Nos c\u00e2bleurs interviennent d\u00e8s la phase de conception :<\/span><\/p>\n<ul>\n<li><span style=\"color: #000000;\">Lecture et interpr\u00e9tation de sch\u00e9mas \u00e9lectriques et de circuits \u00e9lectroniques<\/span><\/li>\n<li><span style=\"color: #000000;\">R\u00e9alisation des nomenclatures et des plans de c\u00e2blage<\/span><\/li>\n<li><span style=\"color: #000000;\">Approvisionnement mati\u00e8re et utilisation de machines de coupe automatis\u00e9es<\/span><\/li>\n<li><span style=\"color: #000000;\">Utilisation d\u2019outils sp\u00e9cialis\u00e9s et adapt\u00e9s<\/span><\/li>\n<li><span style=\"color: #000000;\">Test de continuit\u00e9 et essais sous tension\u00a0<\/span><\/li>\n<\/ul>\n<p>[\/et_pb_text][\/et_pb_column][et_pb_column type=\u00a0\u00bb1_2&Prime; _builder_version=\u00a0\u00bb4.27.4&Prime; _module_preset=\u00a0\u00bbdefault\u00a0\u00bb global_colors_info=\u00a0\u00bb{}\u00a0\u00bb][et_pb_gallery gallery_ids=\u00a0\u00bb662,663,664,705,716,718&Prime; gallery_orderby=\u00a0\u00bbrand\u00a0\u00bb fullwidth=\u00a0\u00bbon\u00a0\u00bb _builder_version=\u00a0\u00bb4.27.4&Prime; _module_preset=\u00a0\u00bbdefault\u00a0\u00bb transform_scale=\u00a0\u00bb88%|88%\u00a0\u00bb custom_margin=\u00a0\u00bb0px||0px||false|false\u00a0\u00bb custom_padding=\u00a0\u00bb0px||0px||false|false\u00a0\u00bb hover_enabled=\u00a0\u00bb0&Prime; global_colors_info=\u00a0\u00bb{}\u00a0\u00bb sticky_enabled=\u00a0\u00bb0&Prime;][\/et_pb_gallery][\/et_pb_column][\/et_pb_row][et_pb_row _builder_version=\u00a0\u00bb4.27.4&Prime; _module_preset=\u00a0\u00bbdefault\u00a0\u00bb custom_padding=\u00a0\u00bb||0px|||\u00a0\u00bb global_colors_info=\u00a0\u00bb{}\u00a0\u00bb][et_pb_column type=\u00a0\u00bb4_4&Prime; _builder_version=\u00a0\u00bb4.27.4&Prime; _module_preset=\u00a0\u00bbdefault\u00a0\u00bb global_colors_info=\u00a0\u00bb{}\u00a0\u00bb][et_pb_text _builder_version=\u00a0\u00bb4.27.4&Prime; _module_preset=\u00a0\u00bbdefault\u00a0\u00bb global_colors_info=\u00a0\u00bb{}\u00a0\u00bb]<\/p>\n<p><span style=\"color: #000000;\">\u26a1 <strong>S\u00e9curit\u00e9 et qualit\u00e9 au c\u0153ur de nos engagements<\/strong><\/span><\/p>\n<p><span style=\"color: #000000;\">Nos op\u00e9rateurs disposent de l\u2019habilitation \u00e9lectrique n\u00e9cessaire pour intervenir en toute s\u00e9curit\u00e9. Gr\u00e2ce \u00e0 un contr\u00f4le qualit\u00e9 rigoureux, nous garantissons des produits fiables, conformes aux exigences techniques de nos clients.<\/span><\/p>\n<p>[\/et_pb_text][\/et_pb_column][\/et_pb_row][\/et_pb_section][et_pb_section fb_built=\u00a0\u00bb1&Prime; _builder_version=\u00a0\u00bb4.27.4&Prime; _module_preset=\u00a0\u00bbdefault\u00a0\u00bb custom_margin=\u00a0\u00bb0px||0px||false|false\u00a0\u00bb custom_padding=\u00a0\u00bb0px||0px||false|false\u00a0\u00bb global_colors_info=\u00a0\u00bb{}\u00a0\u00bb][et_pb_row column_structure=\u00a0\u00bb3_5,2_5&Prime; _builder_version=\u00a0\u00bb4.27.4&Prime; _module_preset=\u00a0\u00bbdefault\u00a0\u00bb global_colors_info=\u00a0\u00bb{}\u00a0\u00bb][et_pb_column type=\u00a0\u00bb3_5&Prime; _builder_version=\u00a0\u00bb4.27.4&Prime; _module_preset=\u00a0\u00bbdefault\u00a0\u00bb global_colors_info=\u00a0\u00bb{}\u00a0\u00bb][et_pb_text _builder_version=\u00a0\u00bb4.27.4&Prime; _module_preset=\u00a0\u00bbdefault\u00a0\u00bb global_colors_info=\u00a0\u00bb{}\u00a0\u00bb]<\/p>\n<p data-start=\"2658\" data-end=\"2729\"><span style=\"color: #000000;\">\ud83d\udcde<strong> Un besoin en c\u00e2blage \u00e9lectrique ? Contactez-nous !<\/strong><\/span><\/p>\n<p><span style=\"color: #000000;\">En tant qu\u2019Entreprise Adapt\u00e9e, l&rsquo;Apic valorise l\u2019inclusion et l\u2019expertise. Nous mettons notre savoir-faire en c\u00e2blage \u00e9lectrique au service de vos projets industriels. <\/span><span style=\"color: #000000; font-size: 14px;\">Demandez votre devis personnalis\u00e9 d\u00e8s maintenant !<\/span><\/p>\n<p>[\/et_pb_text][\/et_pb_column][et_pb_column type=\u00a0\u00bb2_5&Prime; _builder_version=\u00a0\u00bb4.27.4&Prime; _module_preset=\u00a0\u00bbdefault\u00a0\u00bb global_colors_info=\u00a0\u00bb{}\u00a0\u00bb][et_pb_button button_url=\u00a0\u00bbhttps:\/\/www.apic-entrepriseadaptee.com\/?page_id=498&Prime; button_text=\u00a0\u00bbDemandez votre devis !\u00a0\u00bb _builder_version=\u00a0\u00bb4.27.4&Prime; _module_preset=\u00a0\u00bbdefault\u00a0\u00bb custom_margin=\u00a0\u00bb30px|||30px|false|false\u00a0\u00bb global_colors_info=\u00a0\u00bb{}\u00a0\u00bb][\/et_pb_button][\/et_pb_column][\/et_pb_row][\/et_pb_section][et_pb_section fb_built=\u00a0\u00bb1&Prime; _builder_version=\u00a0\u00bb4.27.4&Prime; _module_preset=\u00a0\u00bbdefault\u00a0\u00bb custom_margin=\u00a0\u00bb0px||0px||false|false\u00a0\u00bb custom_padding=\u00a0\u00bb0px||0px||false|false\u00a0\u00bb global_colors_info=\u00a0\u00bb{}\u00a0\u00bb][et_pb_row _builder_version=\u00a0\u00bb4.27.4&Prime; _module_preset=\u00a0\u00bbdefault\u00a0\u00bb global_colors_info=\u00a0\u00bb{}\u00a0\u00bb][et_pb_column type=\u00a0\u00bb4_4&Prime; _builder_version=\u00a0\u00bb4.27.4&Prime; _module_preset=\u00a0\u00bbdefault\u00a0\u00bb global_colors_info=\u00a0\u00bb{}\u00a0\u00bb][et_pb_heading title=\u00a0\u00bbIls nous recommandent &#8230;\u00a0\u00bb _builder_version=\u00a0\u00bb4.27.4&Prime; _module_preset=\u00a0\u00bbdefault\u00a0\u00bb title_level=\u00a0\u00bbh3&Prime; title_font=\u00a0\u00bb|700|||||||\u00a0\u00bb title_text_align=\u00a0\u00bbleft\u00a0\u00bb title_text_color=\u00a0\u00bb#253779&Prime; global_colors_info=\u00a0\u00bb{}\u00a0\u00bb][\/et_pb_heading][\/et_pb_column][\/et_pb_row][et_pb_row column_structure=\u00a0\u00bb1_2,1_2&Prime; _builder_version=\u00a0\u00bb4.27.4&Prime; _module_preset=\u00a0\u00bbdefault\u00a0\u00bb saved_tabs=\u00a0\u00bball\u00a0\u00bb global_colors_info=\u00a0\u00bb{}\u00a0\u00bb][et_pb_column type=\u00a0\u00bb1_2&Prime; _builder_version=\u00a0\u00bb4.27.4&Prime; _module_preset=\u00a0\u00bbdefault\u00a0\u00bb global_colors_info=\u00a0\u00bb{}\u00a0\u00bb][et_pb_testimonial portrait_url=\u00a0\u00bbhttps:\/\/www.apic-entrepriseadaptee.com\/wp-content\/uploads\/2025\/11\/Capture-decran-2025-11-03-113100.jpg\u00a0\u00bb quote_icon=\u00a0\u00bboff\u00a0\u00bb portrait_width=\u00a0\u00bb90px\u00a0\u00bb portrait_height=\u00a0\u00bb85px\u00a0\u00bb author_tablet=\u00a0\u00bbLS Production \u00a0\u00bb author_phone=\u00a0\u00bbLS Production \u00a0\u00bb author_last_edited=\u00a0\u00bbon|desktop\u00a0\u00bb _builder_version=\u00a0\u00bb4.27.4&Prime; _module_preset=\u00a0\u00bbdefault\u00a0\u00bb author_font_size=\u00a0\u00bb12px\u00a0\u00bb author_line_height=\u00a0\u00bb1em\u00a0\u00bb custom_margin=\u00a0\u00bb0px||0px||false|false\u00a0\u00bb custom_padding=\u00a0\u00bb20px||0px||false|false\u00a0\u00bb border_radii=\u00a0\u00bbon|25px|25px|25px|25px\u00a0\u00bb border_radii_portrait=\u00a0\u00bbon|0px|0px|0px|0px\u00a0\u00bb border_style_all_portrait=\u00a0\u00bbnone\u00a0\u00bb global_colors_info=\u00a0\u00bb{}\u00a0\u00bb]<\/p>\n<p>Nous avons le plaisir de recommander l&rsquo;APIC avec qui nous collaborons depuis des ann\u00e9es dans le cadre de nos activit\u00e9s de production.<\/p>\n<p>Tout au long de notre partenariat, l&rsquo;APIC s\u2019est distingu\u00e9 par son professionnalisme, sa r\u00e9activit\u00e9 et la qualit\u00e9 constante de ses prestations. Les livraisons ont toujours \u00e9t\u00e9 effectu\u00e9es dans les d\u00e9lais convenus, et les \u00e9changes ont \u00e9t\u00e9 fluides et constructifs, ce qui a grandement facilit\u00e9 notre travail de planification et de production.<\/p>\n<p>Nous appr\u00e9cions particuli\u00e8rement leur capacit\u00e9 \u00e0 s\u2019adapter \u00e0 nos besoins sp\u00e9cifiques, ainsi que leur engagement \u00e0 maintenir un haut niveau de service. Cette collaboration a contribu\u00e9 positivement \u00e0 la performance de notre atelier de montage.<\/p>\n<p class=\"xmsonormal\" style=\"text-align: justify;\">Nous recommandons donc l&rsquo;APIC sans r\u00e9serve \u00e0 toute entreprise souhaitant s\u2019appuyer sur un partenaire fiable et comp\u00e9tent.<\/p>\n<p>[\/et_pb_testimonial][\/et_pb_column][et_pb_column type=\u00a0\u00bb1_2&Prime; _builder_version=\u00a0\u00bb4.27.4&Prime; _module_preset=\u00a0\u00bbdefault\u00a0\u00bb global_colors_info=\u00a0\u00bb{}\u00a0\u00bb][et_pb_image src=\u00a0\u00bbhttps:\/\/www.apic-entrepriseadaptee.com\/wp-content\/uploads\/2025\/10\/assemblage-electrique-3-scaled.jpg\u00a0\u00bb title_text=\u00a0\u00bbassemblage electrique 3&Prime; _builder_version=\u00a0\u00bb4.27.4&Prime; _module_preset=\u00a0\u00bbdefault\u00a0\u00bb width=\u00a0\u00bb96%\u00a0\u00bb custom_margin=\u00a0\u00bb55px||0px||false|false\u00a0\u00bb custom_padding=\u00a0\u00bb0px||0px||false|false\u00a0\u00bb border_radii=\u00a0\u00bbon|20px|20px|20px|20px\u00a0\u00bb global_colors_info=\u00a0\u00bb{}\u00a0\u00bb][\/et_pb_image][\/et_pb_column][\/et_pb_row][\/et_pb_section]<\/p>\n","protected":false},"excerpt":{"rendered":"<p>Faisceaux, Platines, Coffret, coupe, sertissage toutes sections, petites et moyennes s\u00e9ries, soudures \u00e9lectroniques\ud83e\uddf0 Un m\u00e9tier technique et polyvalent Nos c\u00e2bleurs ma\u00eetrisent l\u2019ensemble des op\u00e9rations n\u00e9cessaires \u00e0 la fabrication de syst\u00e8mes \u00e9lectriques et \u00e9lectroniques : Pr\u00e9paration filaire : coupe \u00e0 longueur, d\u00e9nudage, sertissage de connectiques, \u00e9tamage R\u00e9alisation de faisceaux \u00e9lectriques et soudure \u00e9lectronique sur circuits imprim\u00e9s [&hellip;]<\/p>\n","protected":false},"author":1,"featured_media":0,"parent":0,"menu_order":0,"comment_status":"closed","ping_status":"closed","template":"","meta":{"_et_pb_use_builder":"on","_et_pb_old_content":"","_et_gb_content_width":"","footnotes":""},"class_list":["post-140","page","type-page","status-publish","hentry"],"_links":{"self":[{"href":"https:\/\/www.apic-entrepriseadaptee.com\/index.php?rest_route=\/wp\/v2\/pages\/140","targetHints":{"allow":["GET"]}}],"collection":[{"href":"https:\/\/www.apic-entrepriseadaptee.com\/index.php?rest_route=\/wp\/v2\/pages"}],"about":[{"href":"https:\/\/www.apic-entrepriseadaptee.com\/index.php?rest_route=\/wp\/v2\/types\/page"}],"author":[{"embeddable":true,"href":"https:\/\/www.apic-entrepriseadaptee.com\/index.php?rest_route=\/wp\/v2\/users\/1"}],"replies":[{"embeddable":true,"href":"https:\/\/www.apic-entrepriseadaptee.com\/index.php?rest_route=%2Fwp%2Fv2%2Fcomments&post=140"}],"version-history":[{"count":15,"href":"https:\/\/www.apic-entrepriseadaptee.com\/index.php?rest_route=\/wp\/v2\/pages\/140\/revisions"}],"predecessor-version":[{"id":719,"href":"https:\/\/www.apic-entrepriseadaptee.com\/index.php?rest_route=\/wp\/v2\/pages\/140\/revisions\/719"}],"wp:attachment":[{"href":"https:\/\/www.apic-entrepriseadaptee.com\/index.php?rest_route=%2Fwp%2Fv2%2Fmedia&parent=140"}],"curies":[{"name":"wp","href":"https:\/\/api.w.org\/{rel}","templated":true}]}}