{"id":135,"date":"2025-02-20T17:16:50","date_gmt":"2025-02-20T16:16:50","guid":{"rendered":"http:\/\/www.apic-entrepriseadaptee.com\/?page_id=135"},"modified":"2025-10-24T14:22:31","modified_gmt":"2025-10-24T12:22:31","slug":"espace-vert","status":"publish","type":"page","link":"https:\/\/www.apic-entrepriseadaptee.com\/?page_id=135","title":{"rendered":"Espaces vert"},"content":{"rendered":"<p>[et_pb_section fb_built=\u00a0\u00bb1&Prime; fullwidth=\u00a0\u00bbon\u00a0\u00bb _builder_version=\u00a0\u00bb4.27.4&Prime; _module_preset=\u00a0\u00bbdefault\u00a0\u00bb background_color=\u00a0\u00bbRGBA(255,255,255,0)\u00a0\u00bb background_image=\u00a0\u00bbhttps:\/\/www.apic-entrepriseadaptee.com\/wp-content\/uploads\/2025\/07\/2077.jpg\u00a0\u00bb parallax=\u00a0\u00bbon\u00a0\u00bb global_colors_info=\u00a0\u00bb{}\u00a0\u00bb][et_pb_fullwidth_slider _builder_version=\u00a0\u00bb4.27.4&Prime; _module_preset=\u00a0\u00bbdefault\u00a0\u00bb background_image=\u00a0\u00bbhttps:\/\/www.apic-entrepriseadaptee.com\/wp-content\/uploads\/2025\/07\/2077.jpg\u00a0\u00bb parallax=\u00a0\u00bbon\u00a0\u00bb global_colors_info=\u00a0\u00bb{}\u00a0\u00bb][et_pb_slide heading=\u00a0\u00bbEspaces vert\u00a0\u00bb button_text=\u00a0\u00bbDemander votre devis\u00a0\u00bb button_link=\u00a0\u00bbhttps:\/\/www.apic-entrepriseadaptee.com\/?page_id=492&Prime; _builder_version=\u00a0\u00bb4.27.4&Prime; _module_preset=\u00a0\u00bbdefault\u00a0\u00bb global_colors_info=\u00a0\u00bb{}\u00a0\u00bb sticky_transition=\u00a0\u00bbon\u00a0\u00bb]<\/p>\n<p>Am\u00e9nagement paysag\u00e9, entretien tonte, d\u00e9broussaillage, taille&#8230;pour collectivit\u00e9s, entreprises et particuliers.<\/p>\n<p>[\/et_pb_slide][\/et_pb_fullwidth_slider][\/et_pb_section][et_pb_section fb_built=\u00a0\u00bb1&Prime; _builder_version=\u00a0\u00bb4.27.4&Prime; _module_preset=\u00a0\u00bbdefault\u00a0\u00bb custom_margin=\u00a0\u00bb0px||0px||false|false\u00a0\u00bb custom_padding=\u00a0\u00bb0px||0px||false|false\u00a0\u00bb global_colors_info=\u00a0\u00bb{}\u00a0\u00bb][et_pb_row _builder_version=\u00a0\u00bb4.27.4&Prime; _module_preset=\u00a0\u00bbdefault\u00a0\u00bb global_colors_info=\u00a0\u00bb{}\u00a0\u00bb][et_pb_column type=\u00a0\u00bb4_4&Prime; _builder_version=\u00a0\u00bb4.27.4&Prime; _module_preset=\u00a0\u00bbdefault\u00a0\u00bb global_colors_info=\u00a0\u00bb{}\u00a0\u00bb][et_pb_heading title=\u00a0\u00bbConfiez nous vos espaces v\u00e9g\u00e9talis\u00e9s\u00a0\u00bb _builder_version=\u00a0\u00bb4.27.4&Prime; _module_preset=\u00a0\u00bbdefault\u00a0\u00bb title_font=\u00a0\u00bb|700|||||||\u00a0\u00bb title_text_align=\u00a0\u00bbcenter\u00a0\u00bb title_text_color=\u00a0\u00bb#253779&Prime; global_colors_info=\u00a0\u00bb{}\u00a0\u00bb][\/et_pb_heading][\/et_pb_column][\/et_pb_row][et_pb_row column_structure=\u00a0\u00bb1_2,1_2&Prime; _builder_version=\u00a0\u00bb4.27.4&Prime; _module_preset=\u00a0\u00bbdefault\u00a0\u00bb global_colors_info=\u00a0\u00bb{}\u00a0\u00bb][et_pb_column type=\u00a0\u00bb1_2&Prime; _builder_version=\u00a0\u00bb4.27.4&Prime; _module_preset=\u00a0\u00bbdefault\u00a0\u00bb global_colors_info=\u00a0\u00bb{}\u00a0\u00bb][et_pb_text _builder_version=\u00a0\u00bb4.27.4&Prime; _module_preset=\u00a0\u00bbdefault\u00a0\u00bb custom_padding=\u00a0\u00bb||0px|||\u00a0\u00bb global_colors_info=\u00a0\u00bb{}\u00a0\u00bb]<\/p>\n<p data-start=\"211\" data-end=\"287\"><span style=\"color: #000000;\">\ud83c\udf3f<strong> Entretien des espaces verts : pour des ext\u00e9rieurs toujours impeccables<\/strong><\/span><\/p>\n<p data-start=\"289\" data-end=\"658\"><span style=\"color: #000000;\">Le secteur des espaces verts englobe l\u2019am\u00e9nagement, l\u2019entretien et la gestion de surfaces v\u00e9g\u00e9talis\u00e9es, qu\u2019il s\u2019agisse de jardins priv\u00e9s, de parcs publics ou d\u2019espaces verts d\u2019entreprises. Que vous soyez un particulier, une collectivit\u00e9 ou un professionnel, nos \u00e9quipes interviennent pour garder vos ext\u00e9rieurs propres, sains et agr\u00e9ables toute l\u2019ann\u00e9e.<\/span><span style=\"color: #000000;\"><\/span><\/p>\n<p data-start=\"289\" data-end=\"658\"><span style=\"color: #000000;\"><\/span><\/p>\n<p data-start=\"289\" data-end=\"658\"><span style=\"color: #000000;\"><\/span><\/p>\n<p data-start=\"665\" data-end=\"717\"><span style=\"color: #000000;\">\u2702\ufe0f <strong>Travaux d\u2019entretien : tonte, taille et \u00e9lagage<\/strong><\/span><\/p>\n<p data-start=\"719\" data-end=\"813\"><span style=\"color: #000000;\">Nos prestations incluent tous les travaux de jardinage n\u00e9cessaires \u00e0 l\u2019entretien courant :<\/span><\/p>\n<ul data-start=\"815\" data-end=\"1037\">\n<li data-start=\"815\" data-end=\"863\">\n<p data-start=\"817\" data-end=\"863\"><span style=\"color: #000000;\">Tonte de pelouse\u00a0<\/span><\/p>\n<\/li>\n<li data-start=\"864\" data-end=\"914\">\n<p data-start=\"866\" data-end=\"914\"><span style=\"color: #000000;\">Fauchage de terrains en friche ou en pente<\/span><\/p>\n<\/li>\n<li data-start=\"915\" data-end=\"973\">\n<p data-start=\"917\" data-end=\"973\"><span style=\"color: #000000;\">Taille de haies (entretien ou taille de formation)<\/span><\/p>\n<\/li>\n<li data-start=\"974\" data-end=\"1037\">\n<p data-start=\"976\" data-end=\"1037\"><span style=\"color: #000000;\">\u00c9lagage d\u2019arbres (taille douce, sanitaire ou de s\u00e9curit\u00e9)<\/span><\/p>\n<\/li>\n<\/ul>\n<p data-start=\"1039\" data-end=\"1224\"><span style=\"color: #000000;\">Nos \u00e9quipes form\u00e9es peuvent intervenir en travail en hauteur et utilisent, si n\u00e9cessaire, des \u00e9chafaudages ou nacelles \u00e9l\u00e9vatrices pour un travail s\u00e9curis\u00e9 et professionnel.<\/span><\/p>\n<p data-start=\"1039\" data-end=\"1224\"><span style=\"color: #000000;\"><\/span><\/p>\n<p data-start=\"1039\" data-end=\"1224\"><span style=\"color: #000000; font-size: 14px;\">\ud83c\udfe1 <\/span><strong style=\"color: #000000; font-size: 14px;\">Am\u00e9nagement paysager : redonnez vie \u00e0 vos ext\u00e9rieurs<\/strong><span style=\"color: #000000;\"><\/span><\/p>\n<p data-start=\"1291\" data-end=\"1360\"><span style=\"color: #000000;\">Nous r\u00e9alisons \u00e9galement des am\u00e9nagements ext\u00e9rieurs sur mesure :<\/span><\/p>\n<ul data-start=\"1362\" data-end=\"1633\">\n<li data-start=\"1362\" data-end=\"1436\">\n<p data-start=\"1364\" data-end=\"1436\"><span style=\"color: #000000;\">Pose de cl\u00f4tures et grillages (souples, rigides ou occultants)<\/span><\/p>\n<\/li>\n<li data-start=\"1437\" data-end=\"1506\">\n<p data-start=\"1439\" data-end=\"1506\"><span style=\"color: #000000;\">Cr\u00e9ation de parterres (plantations, paillage, terre v\u00e9g\u00e9tale)<\/span><\/p>\n<\/li>\n<li data-start=\"1507\" data-end=\"1585\">\n<p data-start=\"1509\" data-end=\"1585\"><span style=\"color: #000000;\">Nivellement et pr\u00e9paration du sol (avec mini-pelle ou motoculteur)<\/span><\/p>\n<\/li>\n<li data-start=\"1586\" data-end=\"1633\">\n<p data-start=\"1588\" data-end=\"1633\"><span style=\"color: #000000;\">Engazonnement (semis ou gazon en rouleau)<\/span><\/p>\n<\/li>\n<li data-start=\"1586\" data-end=\"1633\"><span style=\"color: #000000;\">cr\u00e9ation de parking vert ou avec pav\u00e9s\u00a0<\/span><\/li>\n<\/ul>\n<p data-start=\"1635\" data-end=\"1724\"><span style=\"color: #000000;\">Un ext\u00e9rieur bien pens\u00e9, c\u2019est un ext\u00e9rieur facile \u00e0 entretenir et agr\u00e9able au quotidien.<\/span><\/p>\n<p>[\/et_pb_text][\/et_pb_column][et_pb_column type=\u00a0\u00bb1_2&Prime; _builder_version=\u00a0\u00bb4.27.4&Prime; _module_preset=\u00a0\u00bbdefault\u00a0\u00bb global_colors_info=\u00a0\u00bb{}\u00a0\u00bb][et_pb_gallery gallery_ids=\u00a0\u00bb584&Prime; gallery_orderby=\u00a0\u00bbrand\u00a0\u00bb fullwidth=\u00a0\u00bbon\u00a0\u00bb _builder_version=\u00a0\u00bb4.27.4&Prime; _module_preset=\u00a0\u00bbdefault\u00a0\u00bb transform_scale=\u00a0\u00bb88%|88%\u00a0\u00bb custom_margin=\u00a0\u00bb0px||0px||false|false\u00a0\u00bb custom_padding=\u00a0\u00bb0px||0px||false|false\u00a0\u00bb global_colors_info=\u00a0\u00bb{}\u00a0\u00bb][\/et_pb_gallery][\/et_pb_column][\/et_pb_row][et_pb_row _builder_version=\u00a0\u00bb4.27.4&Prime; _module_preset=\u00a0\u00bbdefault\u00a0\u00bb custom_padding=\u00a0\u00bb||0px|||\u00a0\u00bb global_colors_info=\u00a0\u00bb{}\u00a0\u00bb][et_pb_column type=\u00a0\u00bb4_4&Prime; _builder_version=\u00a0\u00bb4.27.4&Prime; _module_preset=\u00a0\u00bbdefault\u00a0\u00bb global_colors_info=\u00a0\u00bb{}\u00a0\u00bb][et_pb_text _builder_version=\u00a0\u00bb4.27.4&Prime; _module_preset=\u00a0\u00bbdefault\u00a0\u00bb global_colors_info=\u00a0\u00bb{}\u00a0\u00bb]<\/p>\n<p data-start=\"1635\" data-end=\"1724\"><span style=\"font-size: 14px; color: #000000;\">\u267b\ufe0f <\/span><strong style=\"font-size: 14px; color: #000000;\">Nettoyage \u00e9cologique et gestion des d\u00e9chets verts<\/strong><span style=\"color: #000000;\"><\/span><\/p>\n<p data-start=\"1788\" data-end=\"1920\"><span style=\"color: #000000;\">Parce que l\u2019entretien de vos espaces verts va de pair avec le respect de l\u2019environnement, nous proposons des services durables :<\/span><\/p>\n<ul data-start=\"1922\" data-end=\"2158\">\n<li data-start=\"1922\" data-end=\"1984\">\n<p data-start=\"1924\" data-end=\"1984\"><span style=\"color: #000000;\">D\u00e9sherbage \u00e9cologique (manuel, m\u00e9canique ou thermique)<\/span><\/p>\n<\/li>\n<li data-start=\"1985\" data-end=\"2021\">\n<p data-start=\"1987\" data-end=\"2021\"><span style=\"color: #000000;\">Broyage des d\u00e9chets v\u00e9g\u00e9taux<\/span><\/p>\n<\/li>\n<li data-start=\"2022\" data-end=\"2075\">\n<p data-start=\"2024\" data-end=\"2075\"><span style=\"color: #000000;\">Dessouchage (manuel ou \u00e0 l\u2019aide de rogneuses)<\/span><\/p>\n<\/li>\n<li data-start=\"2076\" data-end=\"2158\">\n<p data-start=\"2078\" data-end=\"2158\"><span style=\"color: #000000;\">Tri et valorisation des d\u00e9chets verts : compost, paillage ou bois d\u00e9chiquet\u00e9<\/span><\/p>\n<\/li>\n<\/ul>\n<p data-start=\"2160\" data-end=\"2264\"><span style=\"color: #000000;\">Nos pratiques visent \u00e0 limiter l\u2019impact \u00e9cologique tout en garantissant des ext\u00e9rieurs nets et durables.<\/span><\/p>\n<p data-start=\"2332\" data-end=\"2644\">\n<p>[\/et_pb_text][\/et_pb_column][\/et_pb_row][\/et_pb_section][et_pb_section fb_built=\u00a0\u00bb1&Prime; _builder_version=\u00a0\u00bb4.27.4&Prime; _module_preset=\u00a0\u00bbdefault\u00a0\u00bb custom_margin=\u00a0\u00bb0px||0px||false|false\u00a0\u00bb custom_padding=\u00a0\u00bb0px||0px||false|false\u00a0\u00bb global_colors_info=\u00a0\u00bb{}\u00a0\u00bb][et_pb_row column_structure=\u00a0\u00bb3_5,2_5&Prime; _builder_version=\u00a0\u00bb4.27.4&Prime; _module_preset=\u00a0\u00bbdefault\u00a0\u00bb global_colors_info=\u00a0\u00bb{}\u00a0\u00bb][et_pb_column type=\u00a0\u00bb3_5&Prime; _builder_version=\u00a0\u00bb4.27.4&Prime; _module_preset=\u00a0\u00bbdefault\u00a0\u00bb global_colors_info=\u00a0\u00bb{}\u00a0\u00bb][et_pb_text _builder_version=\u00a0\u00bb4.27.4&Prime; _module_preset=\u00a0\u00bbdefault\u00a0\u00bb global_colors_info=\u00a0\u00bb{}\u00a0\u00bb]<\/p>\n<p data-start=\"2271\" data-end=\"2330\"><span style=\"color: #000000;\">\ud83d\udcde <strong>Faites appel \u00e0 des professionnels des espaces verts !<\/strong><\/span><\/p>\n<p data-start=\"2332\" data-end=\"2644\"><span style=\"color: #000000;\">Vous cherchez une entreprise d\u2019entretien de jardin, un prestataire pour am\u00e9nager vos espaces ext\u00e9rieurs, ou un service ponctuel de d\u00e9broussaillage ou taille d\u2019arbres ?<\/span><br data-start=\"2511\" data-end=\"2514\" \/><span style=\"color: #000000;\">Contactez-nous pour un devis personnalis\u00e9 ! Nous intervenons sur tous types de terrains et adaptons nos prestations \u00e0 vos besoins.<\/span><\/p>\n<p>[\/et_pb_text][\/et_pb_column][et_pb_column type=\u00a0\u00bb2_5&Prime; _builder_version=\u00a0\u00bb4.27.4&Prime; _module_preset=\u00a0\u00bbdefault\u00a0\u00bb global_colors_info=\u00a0\u00bb{}\u00a0\u00bb][et_pb_button button_url=\u00a0\u00bbhttps:\/\/www.apic-entrepriseadaptee.com\/?page_id=492&Prime; button_text=\u00a0\u00bbDemandez votre devis !\u00a0\u00bb _builder_version=\u00a0\u00bb4.27.4&Prime; _module_preset=\u00a0\u00bbdefault\u00a0\u00bb custom_margin=\u00a0\u00bb30px|||30px|false|false\u00a0\u00bb global_colors_info=\u00a0\u00bb{}\u00a0\u00bb][\/et_pb_button][\/et_pb_column][\/et_pb_row][\/et_pb_section][et_pb_section fb_built=\u00a0\u00bb1&Prime; _builder_version=\u00a0\u00bb4.27.4&Prime; _module_preset=\u00a0\u00bbdefault\u00a0\u00bb global_colors_info=\u00a0\u00bb{}\u00a0\u00bb][et_pb_row _builder_version=\u00a0\u00bb4.27.4&Prime; _module_preset=\u00a0\u00bbdefault\u00a0\u00bb global_colors_info=\u00a0\u00bb{}\u00a0\u00bb][et_pb_column type=\u00a0\u00bb4_4&Prime; _builder_version=\u00a0\u00bb4.27.4&Prime; _module_preset=\u00a0\u00bbdefault\u00a0\u00bb global_colors_info=\u00a0\u00bb{}\u00a0\u00bb][et_pb_heading title=\u00a0\u00bbIls nous recommandent &#8230;\u00a0\u00bb _builder_version=\u00a0\u00bb4.27.4&Prime; _module_preset=\u00a0\u00bbdefault\u00a0\u00bb title_level=\u00a0\u00bbh3&Prime; title_font=\u00a0\u00bb|700|||||||\u00a0\u00bb title_text_align=\u00a0\u00bbleft\u00a0\u00bb title_text_color=\u00a0\u00bb#253779&Prime; global_colors_info=\u00a0\u00bb{}\u00a0\u00bb][\/et_pb_heading][\/et_pb_column][\/et_pb_row][et_pb_row column_structure=\u00a0\u00bb1_2,1_2&Prime; _builder_version=\u00a0\u00bb4.27.4&Prime; _module_preset=\u00a0\u00bbdefault\u00a0\u00bb saved_tabs=\u00a0\u00bball\u00a0\u00bb global_colors_info=\u00a0\u00bb{}\u00a0\u00bb theme_builder_area=\u00a0\u00bbpost_content\u00a0\u00bb][et_pb_column type=\u00a0\u00bb1_2&Prime; _builder_version=\u00a0\u00bb4.27.4&Prime; _module_preset=\u00a0\u00bbdefault\u00a0\u00bb global_colors_info=\u00a0\u00bb{}\u00a0\u00bb theme_builder_area=\u00a0\u00bbpost_content\u00a0\u00bb][et_pb_testimonial portrait_url=\u00a0\u00bbhttps:\/\/www.apic-entrepriseadaptee.com\/wp-content\/uploads\/2025\/10\/test-1.jpg\u00a0\u00bb quote_icon=\u00a0\u00bboff\u00a0\u00bb portrait_width=\u00a0\u00bb90px\u00a0\u00bb portrait_height=\u00a0\u00bb85px\u00a0\u00bb author_tablet=\u00a0\u00bbLS Production \u00a0\u00bb author_phone=\u00a0\u00bbLS Production \u00a0\u00bb author_last_edited=\u00a0\u00bbon|desktop\u00a0\u00bb _builder_version=\u00a0\u00bb4.27.4&Prime; _module_preset=\u00a0\u00bbdefault\u00a0\u00bb author_font_size=\u00a0\u00bb12px\u00a0\u00bb author_line_height=\u00a0\u00bb1em\u00a0\u00bb custom_margin=\u00a0\u00bb0px||0px||false|false\u00a0\u00bb custom_padding=\u00a0\u00bb20px||0px||false|false\u00a0\u00bb border_radii=\u00a0\u00bbon|25px|25px|25px|25px\u00a0\u00bb border_radii_portrait=\u00a0\u00bbon|0px|0px|0px|0px\u00a0\u00bb border_style_all_portrait=\u00a0\u00bbnone\u00a0\u00bb global_colors_info=\u00a0\u00bb{}\u00a0\u00bb theme_builder_area=\u00a0\u00bbpost_content\u00a0\u00bb]<\/p>\n<p style=\"text-align: justify;\">Je suis tr\u00e8s satisfait des prestations de l\u2019Apic, je travaille en collaboration avec une \u00e9quipe professionnelle, r\u00e9active et \u00e0 l\u2019\u00e9coute. <o:p><\/o:p><\/p>\n<p style=\"text-align: justify;\">Le personnel est toujours disponible, nous accompagne dans nos diff\u00e9rents projets, et nous apporte ses conseils techniques et r\u00e9glementaires. Nous avons travaill\u00e9 ensemble sur diff\u00e9rents sujets industriels comme les am\u00e9nagements et l\u2019ergonomie des postes de travail, les chariots de transports, les potences ergonomiques de levage, les plateformes de travail, les protections de s\u00e9curit\u00e9 pour les machines et les pi\u00e9tons, les signalisations et marquage au sol de l\u2019usine, et bien d\u2019autres sujets depuis de nombreuses ann\u00e9es.<o:p><\/o:p><\/p>\n<p class=\"xmsonormal\" style=\"text-align: justify;\">Je recommande vivement leur service. <o:p><\/o:p><\/p>\n<p>[\/et_pb_testimonial][\/et_pb_column][et_pb_column type=\u00a0\u00bb1_2&Prime; _builder_version=\u00a0\u00bb4.27.4&Prime; _module_preset=\u00a0\u00bbdefault\u00a0\u00bb global_colors_info=\u00a0\u00bb{}\u00a0\u00bb theme_builder_area=\u00a0\u00bbpost_content\u00a0\u00bb][et_pb_image src=\u00a0\u00bbhttps:\/\/www.apic-entrepriseadaptee.com\/wp-content\/uploads\/2025\/10\/Image1.jpg\u00a0\u00bb title_text=\u00a0\u00bbImage1&Prime; _builder_version=\u00a0\u00bb4.27.4&Prime; _module_preset=\u00a0\u00bbdefault\u00a0\u00bb width=\u00a0\u00bb96%\u00a0\u00bb custom_margin=\u00a0\u00bb0px||0px||false|false\u00a0\u00bb custom_padding=\u00a0\u00bb0px||0px||false|false\u00a0\u00bb border_radii=\u00a0\u00bbon|20px|20px|20px|20px\u00a0\u00bb global_colors_info=\u00a0\u00bb{}\u00a0\u00bb theme_builder_area=\u00a0\u00bbpost_content\u00a0\u00bb][\/et_pb_image][\/et_pb_column][\/et_pb_row][\/et_pb_section]<\/p>\n","protected":false},"excerpt":{"rendered":"<p>Am\u00e9nagement paysag\u00e9, entretien tonte, d\u00e9broussaillage, taille&#8230;pour collectivit\u00e9s, entreprises et particuliers.\ud83c\udf3f Entretien des espaces verts : pour des ext\u00e9rieurs toujours impeccables Le secteur des espaces verts englobe l\u2019am\u00e9nagement, l\u2019entretien et la gestion de surfaces v\u00e9g\u00e9talis\u00e9es, qu\u2019il s\u2019agisse de jardins priv\u00e9s, de parcs publics ou d\u2019espaces verts d\u2019entreprises. Que vous soyez un particulier, une collectivit\u00e9 ou un [&hellip;]<\/p>\n","protected":false},"author":1,"featured_media":0,"parent":0,"menu_order":0,"comment_status":"closed","ping_status":"closed","template":"","meta":{"_et_pb_use_builder":"on","_et_pb_old_content":"","_et_gb_content_width":"","footnotes":""},"class_list":["post-135","page","type-page","status-publish","hentry"],"_links":{"self":[{"href":"https:\/\/www.apic-entrepriseadaptee.com\/index.php?rest_route=\/wp\/v2\/pages\/135","targetHints":{"allow":["GET"]}}],"collection":[{"href":"https:\/\/www.apic-entrepriseadaptee.com\/index.php?rest_route=\/wp\/v2\/pages"}],"about":[{"href":"https:\/\/www.apic-entrepriseadaptee.com\/index.php?rest_route=\/wp\/v2\/types\/page"}],"author":[{"embeddable":true,"href":"https:\/\/www.apic-entrepriseadaptee.com\/index.php?rest_route=\/wp\/v2\/users\/1"}],"replies":[{"embeddable":true,"href":"https:\/\/www.apic-entrepriseadaptee.com\/index.php?rest_route=%2Fwp%2Fv2%2Fcomments&post=135"}],"version-history":[{"count":12,"href":"https:\/\/www.apic-entrepriseadaptee.com\/index.php?rest_route=\/wp\/v2\/pages\/135\/revisions"}],"predecessor-version":[{"id":660,"href":"https:\/\/www.apic-entrepriseadaptee.com\/index.php?rest_route=\/wp\/v2\/pages\/135\/revisions\/660"}],"wp:attachment":[{"href":"https:\/\/www.apic-entrepriseadaptee.com\/index.php?rest_route=%2Fwp%2Fv2%2Fmedia&parent=135"}],"curies":[{"name":"wp","href":"https:\/\/api.w.org\/{rel}","templated":true}]}}