{"id":133,"date":"2025-02-20T17:16:28","date_gmt":"2025-02-20T16:16:28","guid":{"rendered":"http:\/\/www.apic-entrepriseadaptee.com\/?page_id=133"},"modified":"2025-11-03T11:38:16","modified_gmt":"2025-11-03T10:38:16","slug":"finition-batiment","status":"publish","type":"page","link":"https:\/\/www.apic-entrepriseadaptee.com\/?page_id=133","title":{"rendered":"Finition b\u00e2timent"},"content":{"rendered":"<p>[et_pb_section fb_built=\u00a0\u00bb1&Prime; fullwidth=\u00a0\u00bbon\u00a0\u00bb _builder_version=\u00a0\u00bb4.27.4&Prime; _module_preset=\u00a0\u00bbdefault\u00a0\u00bb background_image=\u00a0\u00bbhttps:\/\/www.apic-entrepriseadaptee.com\/wp-content\/uploads\/2025\/02\/portrait-man-working-as-warehouse-attendant-scaled-e1740735059414.jpg\u00a0\u00bb parallax=\u00a0\u00bbon\u00a0\u00bb global_colors_info=\u00a0\u00bb{}\u00a0\u00bb][et_pb_fullwidth_slider _builder_version=\u00a0\u00bb4.27.4&Prime; _module_preset=\u00a0\u00bbdefault\u00a0\u00bb background_image=\u00a0\u00bbhttps:\/\/www.apic-entrepriseadaptee.com\/wp-content\/uploads\/2025\/07\/2148903441.jpg\u00a0\u00bb parallax=\u00a0\u00bbon\u00a0\u00bb link_option_url=\u00a0\u00bbhttps:\/\/www.apic-entrepriseadaptee.com\/?page_id=484&Prime; global_colors_info=\u00a0\u00bb{}\u00a0\u00bb][et_pb_slide heading=\u00a0\u00bbFinition b\u00e2timent \u00a0\u00bb button_text=\u00a0\u00bbDemander votre devis \u00a0\u00bb button_link=\u00a0\u00bbhttps:\/\/www.apic-entrepriseadaptee.com\/?page_id=484&Prime; _builder_version=\u00a0\u00bb4.27.4&Prime; _module_preset=\u00a0\u00bbdefault\u00a0\u00bb header_text_color=\u00a0\u00bb#000000&Prime; custom_button=\u00a0\u00bbon\u00a0\u00bb button_text_color=\u00a0\u00bb#000000&Prime; global_colors_info=\u00a0\u00bb{}\u00a0\u00bb sticky_transition=\u00a0\u00bbon\u00a0\u00bb]<\/p>\n<p><span style=\"color: #000000;\">R\u00e9habilitations de logement, peintures, rev\u00eatement de sols, ragr\u00e9age et pose de r\u00e9sine<\/span><\/p>\n<p>[\/et_pb_slide][\/et_pb_fullwidth_slider][\/et_pb_section][et_pb_section fb_built=\u00a0\u00bb1&Prime; _builder_version=\u00a0\u00bb4.27.4&Prime; _module_preset=\u00a0\u00bbdefault\u00a0\u00bb custom_margin=\u00a0\u00bb0px||0px||false|false\u00a0\u00bb custom_padding=\u00a0\u00bb0px||0px||false|false\u00a0\u00bb global_colors_info=\u00a0\u00bb{}\u00a0\u00bb][et_pb_row _builder_version=\u00a0\u00bb4.27.4&Prime; _module_preset=\u00a0\u00bbdefault\u00a0\u00bb global_colors_info=\u00a0\u00bb{}\u00a0\u00bb][et_pb_column type=\u00a0\u00bb4_4&Prime; _builder_version=\u00a0\u00bb4.27.4&Prime; _module_preset=\u00a0\u00bbdefault\u00a0\u00bb global_colors_info=\u00a0\u00bb{}\u00a0\u00bb][et_pb_heading title=\u00a0\u00bbAssurez un r\u00e9sultat soign\u00e9 et durable avec l&rsquo;Apic\u00a0\u00bb _builder_version=\u00a0\u00bb4.27.4&Prime; _module_preset=\u00a0\u00bbdefault\u00a0\u00bb title_font=\u00a0\u00bb|700|||||||\u00a0\u00bb title_text_align=\u00a0\u00bbcenter\u00a0\u00bb title_text_color=\u00a0\u00bb#253779&Prime; global_colors_info=\u00a0\u00bb{}\u00a0\u00bb][\/et_pb_heading][\/et_pb_column][\/et_pb_row][et_pb_row column_structure=\u00a0\u00bb1_2,1_2&Prime; _builder_version=\u00a0\u00bb4.27.4&Prime; _module_preset=\u00a0\u00bbdefault\u00a0\u00bb custom_margin=\u00a0\u00bb0px||0px||false|false\u00a0\u00bb custom_padding=\u00a0\u00bb0px||0px||false|false\u00a0\u00bb global_colors_info=\u00a0\u00bb{}\u00a0\u00bb][et_pb_column type=\u00a0\u00bb1_2&Prime; _builder_version=\u00a0\u00bb4.27.4&Prime; _module_preset=\u00a0\u00bbdefault\u00a0\u00bb global_colors_info=\u00a0\u00bb{}\u00a0\u00bb][et_pb_text _builder_version=\u00a0\u00bb4.27.4&Prime; _module_preset=\u00a0\u00bbdefault\u00a0\u00bb custom_margin=\u00a0\u00bb0px||0px||false|false\u00a0\u00bb custom_padding=\u00a0\u00bb0px||0px||false|false\u00a0\u00bb global_colors_info=\u00a0\u00bb{}\u00a0\u00bb]<\/p>\n<p data-start=\"237\" data-end=\"294\"><span style=\"color: #000000;\"><\/span><\/p>\n<p data-start=\"237\" data-end=\"294\"><span style=\"color: #000000;\">\ud83c\udfd7\ufe0f <strong>Finition b\u00e2timent : pour un rendu final impeccable<\/strong><\/span><\/p>\n<p data-start=\"296\" data-end=\"637\"><span style=\"color: #000000;\">La finition b\u00e2timent regroupe l\u2019ensemble des travaux r\u00e9alis\u00e9s apr\u00e8s le gros \u0153uvre pour garantir l\u2019esth\u00e9tique, la propret\u00e9 et la fonctionnalit\u00e9 d\u2019un b\u00e2timent. Que vous soyez particulier ou professionnel, faire appel \u00e0 un sp\u00e9cialiste de la finition, c\u2019est assurer un r\u00e9sultat soign\u00e9, durable et conforme \u00e0 vos attentes.<\/span><\/p>\n<p data-start=\"296\" data-end=\"637\"><span style=\"color: #000000;\"><\/span><\/p>\n<p data-start=\"644\" data-end=\"704\"><span style=\"color: #000000;\">\ud83c\udfa8 <strong>Travaux de peinture : la touche finale qui change tout<\/strong><\/span><\/p>\n<p data-start=\"706\" data-end=\"778\"><span style=\"color: #000000;\">Nos interventions en peinture int\u00e9rieure et ext\u00e9rieure sont adapt\u00e9es \u00e0 vos diff\u00e9rents support (acrylique, epoxi, lasure, huile&#8230;).<\/span><\/p>\n<p data-start=\"706\" data-end=\"778\"><span style=\"color: #000000;\"><\/span><\/p>\n<p><span style=\"color: #000000; font-size: 14px;\">\ud83e\udeb5 <\/span><strong style=\"color: #000000; font-size: 14px;\">Rev\u00eatements de sol : esth\u00e9tisme et praticit\u00e9<\/strong><span style=\"color: #000000;\"><\/span><\/p>\n<p data-start=\"1271\" data-end=\"1393\"><span style=\"color: #000000;\">Nous vous accompagnons dans le choix et la pose de vos sols selon vos besoins esth\u00e9tiques, techniques et budg\u00e9taires :<\/span><\/p>\n<ul data-start=\"1395\" data-end=\"1950\">\n<li data-start=\"1395\" data-end=\"1482\">\n<p data-start=\"1397\" data-end=\"1482\"><span style=\"color: #000000;\">Parquet : chaleureux et \u00e9l\u00e9gant, id\u00e9al pour les maisons ou locaux professionnels.<\/span><\/p>\n<\/li>\n<li data-start=\"1483\" data-end=\"1581\">\n<p data-start=\"1485\" data-end=\"1581\"><span style=\"color: #000000;\">Sol souple (lino, PVC, vinyle) : facile \u00e0 entretenir, parfait pour les zones \u00e0 fort passage.<\/span><\/p>\n<\/li>\n<li data-start=\"1582\" data-end=\"1669\">\n<p data-start=\"1584\" data-end=\"1669\"><span style=\"color: #000000;\">Moquette : confort et isolation phonique, appr\u00e9ci\u00e9e dans les bureaux ou chambres.<\/span><\/p>\n<\/li>\n<li data-start=\"1670\" data-end=\"1765\">\n<p data-start=\"1672\" data-end=\"1765\"><span style=\"color: #000000;\">R\u00e9sine de sol : ultra-r\u00e9sistante, adapt\u00e9e aux environnements industriels ou aux parkings.<\/span><\/p>\n<\/li>\n<li data-start=\"1766\" data-end=\"1869\">\n<p data-start=\"1768\" data-end=\"1869\"><span style=\"color: #000000;\">Marquage au sol : pour s\u00e9curiser et organiser vos espaces (zones de circulation, s\u00e9curit\u00e9, etc.).<\/span><\/p>\n<\/li>\n<li data-start=\"1870\" data-end=\"1950\">\n<p data-start=\"1872\" data-end=\"1950\"><span style=\"color: #000000;\">Pose de plinthes : pour une finition propre et soign\u00e9e entre murs et sols.<\/span><\/p>\n<\/li>\n<\/ul>\n<p>[\/et_pb_text][\/et_pb_column][et_pb_column type=\u00a0\u00bb1_2&Prime; _builder_version=\u00a0\u00bb4.27.4&Prime; _module_preset=\u00a0\u00bbdefault\u00a0\u00bb global_colors_info=\u00a0\u00bb{}\u00a0\u00bb][et_pb_gallery gallery_ids=\u00a0\u00bb566,568&Prime; gallery_orderby=\u00a0\u00bbrand\u00a0\u00bb fullwidth=\u00a0\u00bbon\u00a0\u00bb _builder_version=\u00a0\u00bb4.27.4&Prime; _module_preset=\u00a0\u00bbdefault\u00a0\u00bb transform_scale=\u00a0\u00bb88%|88%\u00a0\u00bb custom_margin=\u00a0\u00bb0px||0px||false|false\u00a0\u00bb custom_padding=\u00a0\u00bb0px||0px||false|false\u00a0\u00bb global_colors_info=\u00a0\u00bb{}\u00a0\u00bb][\/et_pb_gallery][\/et_pb_column][\/et_pb_row][et_pb_row _builder_version=\u00a0\u00bb4.27.4&Prime; _module_preset=\u00a0\u00bbdefault\u00a0\u00bb custom_padding=\u00a0\u00bb||0px|||\u00a0\u00bb global_colors_info=\u00a0\u00bb{}\u00a0\u00bb][et_pb_column type=\u00a0\u00bb4_4&Prime; _builder_version=\u00a0\u00bb4.27.4&Prime; _module_preset=\u00a0\u00bbdefault\u00a0\u00bb global_colors_info=\u00a0\u00bb{}\u00a0\u00bb][et_pb_text _builder_version=\u00a0\u00bb4.27.4&Prime; _module_preset=\u00a0\u00bbdefault\u00a0\u00bb global_colors_info=\u00a0\u00bb{}\u00a0\u00bb]<\/p>\n<p><span style=\"color: #000000;\">\ud83e\uddfc <strong>Nettoyage de fin de chantier : livrer un espace pr\u00eat \u00e0 l\u2019usage<\/strong><\/span><\/p>\n<p><span style=\"color: #000000;\"><\/span><\/p>\n<p data-start=\"2027\" data-end=\"2132\"><span style=\"color: #000000;\">Apr\u00e8s les travaux, place \u00e0 un nettoyage approfondi pour rendre les lieux imm\u00e9diatement exploitables :<\/span><\/p>\n<ul data-start=\"2134\" data-end=\"2252\">\n<li data-start=\"2134\" data-end=\"2171\">\n<p data-start=\"2136\" data-end=\"2171\"><span style=\"color: #000000;\">Retrait des d\u00e9chets de chantier<\/span><\/p>\n<\/li>\n<li data-start=\"2172\" data-end=\"2204\">\n<p data-start=\"2174\" data-end=\"2204\"><span style=\"color: #000000;\">D\u00e9poussi\u00e9rage des surfaces<\/span><\/p>\n<\/li>\n<li data-start=\"2205\" data-end=\"2252\">\n<p data-start=\"2207\" data-end=\"2252\"><span style=\"color: #000000;\">Nettoyage des sols, vitres et \u00e9quipements<\/span><\/p>\n<\/li>\n<\/ul>\n<p data-start=\"2254\" data-end=\"2354\"><span style=\"color: #000000;\">Un chantier bien fini, c\u2019est aussi un chantier propre, s\u00fbr et valoris\u00e9 d\u00e8s la livraison.<\/span><\/p>\n<p data-start=\"2254\" data-end=\"2354\"><span style=\"color: #000000;\"><\/span><\/p>\n<p data-start=\"2254\" data-end=\"2354\"><span style=\"color: #000000;\"><\/span><\/p>\n<p data-start=\"2361\" data-end=\"2431\"><span style=\"color: #000000;\">\u2705 <strong>Pourquoi faire appel \u00e0 un professionnel de la finition b\u00e2timent ?<\/strong><\/span><\/p>\n<ul data-start=\"2433\" data-end=\"2651\">\n<li data-start=\"2433\" data-end=\"2475\">\n<p data-start=\"2435\" data-end=\"2475\"><span style=\"color: #000000;\">Un chantier ma\u00eetris\u00e9 de bout en bout<\/span><\/p>\n<\/li>\n<li data-start=\"2476\" data-end=\"2536\">\n<p data-start=\"2478\" data-end=\"2536\"><span style=\"color: #000000;\">Des mat\u00e9riaux adapt\u00e9s et un savoir-faire technique<\/span><\/p>\n<\/li>\n<li data-start=\"2537\" data-end=\"2592\">\n<p data-start=\"2539\" data-end=\"2592\"><span style=\"color: #000000;\">Un r\u00e9sultat esth\u00e9tique, propre et durable<\/span><\/p>\n<\/li>\n<li data-start=\"2593\" data-end=\"2651\">\n<p data-start=\"2595\" data-end=\"2651\"><span style=\"color: #000000;\">Des d\u00e9lais respect\u00e9s et un accompagnement sur mesure<\/span><\/p>\n<\/li>\n<\/ul>\n<p data-start=\"2731\" data-end=\"3000\">\n<p>[\/et_pb_text][\/et_pb_column][\/et_pb_row][\/et_pb_section][et_pb_section fb_built=\u00a0\u00bb1&Prime; _builder_version=\u00a0\u00bb4.27.4&Prime; _module_preset=\u00a0\u00bbdefault\u00a0\u00bb custom_margin=\u00a0\u00bb0px||0px||false|false\u00a0\u00bb custom_padding=\u00a0\u00bb0px||0px||false|false\u00a0\u00bb global_colors_info=\u00a0\u00bb{}\u00a0\u00bb][et_pb_row column_structure=\u00a0\u00bb3_5,2_5&Prime; _builder_version=\u00a0\u00bb4.27.4&Prime; _module_preset=\u00a0\u00bbdefault\u00a0\u00bb global_colors_info=\u00a0\u00bb{}\u00a0\u00bb][et_pb_column type=\u00a0\u00bb3_5&Prime; _builder_version=\u00a0\u00bb4.27.4&Prime; _module_preset=\u00a0\u00bbdefault\u00a0\u00bb global_colors_info=\u00a0\u00bb{}\u00a0\u00bb][et_pb_text _builder_version=\u00a0\u00bb4.27.4&Prime; _module_preset=\u00a0\u00bbdefault\u00a0\u00bb global_colors_info=\u00a0\u00bb{}\u00a0\u00bb]<\/p>\n<p data-start=\"2658\" data-end=\"2729\"><span style=\"color: #000000;\">\ud83d\udcde<strong> Besoin de finitions int\u00e9rieures ou ext\u00e9rieures ? Contactez-nous !<\/strong><\/span><\/p>\n<p data-start=\"2731\" data-end=\"3000\"><span style=\"color: #000000;\">Vous recherchez une entreprise sp\u00e9cialis\u00e9e dans la peinture, la pose de rev\u00eatements de sol, ou le nettoyage de fin de chantier ? <\/span><span style=\"color: #000000;\">Nous intervenons sur tous types de b\u00e2timents, en neuf ou en r\u00e9novation. Demandez votre devis personnalis\u00e9 d\u00e8s maintenant !<\/span><\/p>\n<p>[\/et_pb_text][\/et_pb_column][et_pb_column type=\u00a0\u00bb2_5&Prime; _builder_version=\u00a0\u00bb4.27.4&Prime; _module_preset=\u00a0\u00bbdefault\u00a0\u00bb global_colors_info=\u00a0\u00bb{}\u00a0\u00bb][et_pb_button button_url=\u00a0\u00bbhttps:\/\/www.apic-entrepriseadaptee.com\/?page_id=484&Prime; button_text=\u00a0\u00bbDemandez votre devis !\u00a0\u00bb _builder_version=\u00a0\u00bb4.27.4&Prime; _module_preset=\u00a0\u00bbdefault\u00a0\u00bb custom_margin=\u00a0\u00bb30px|||30px|false|false\u00a0\u00bb global_colors_info=\u00a0\u00bb{}\u00a0\u00bb][\/et_pb_button][\/et_pb_column][\/et_pb_row][\/et_pb_section][et_pb_section fb_built=\u00a0\u00bb1&Prime; _builder_version=\u00a0\u00bb4.27.4&Prime; _module_preset=\u00a0\u00bbdefault\u00a0\u00bb global_colors_info=\u00a0\u00bb{}\u00a0\u00bb][et_pb_row _builder_version=\u00a0\u00bb4.27.4&Prime; _module_preset=\u00a0\u00bbdefault\u00a0\u00bb global_colors_info=\u00a0\u00bb{}\u00a0\u00bb][et_pb_column type=\u00a0\u00bb4_4&Prime; _builder_version=\u00a0\u00bb4.27.4&Prime; _module_preset=\u00a0\u00bbdefault\u00a0\u00bb global_colors_info=\u00a0\u00bb{}\u00a0\u00bb][et_pb_heading title=\u00a0\u00bbIls nous recommandent &#8230;\u00a0\u00bb _builder_version=\u00a0\u00bb4.27.4&Prime; _module_preset=\u00a0\u00bbdefault\u00a0\u00bb title_level=\u00a0\u00bbh3&Prime; title_font=\u00a0\u00bb|700|||||||\u00a0\u00bb title_text_align=\u00a0\u00bbleft\u00a0\u00bb title_text_color=\u00a0\u00bb#253779&Prime; global_colors_info=\u00a0\u00bb{}\u00a0\u00bb][\/et_pb_heading][\/et_pb_column][\/et_pb_row][et_pb_row column_structure=\u00a0\u00bb1_2,1_2&Prime; _builder_version=\u00a0\u00bb4.27.4&Prime; _module_preset=\u00a0\u00bbdefault\u00a0\u00bb hover_enabled=\u00a0\u00bb0&Prime; saved_tabs=\u00a0\u00bball\u00a0\u00bb global_colors_info=\u00a0\u00bb{}\u00a0\u00bb sticky_enabled=\u00a0\u00bb0&Prime;][et_pb_column type=\u00a0\u00bb1_2&Prime; _builder_version=\u00a0\u00bb4.27.4&Prime; _module_preset=\u00a0\u00bbdefault\u00a0\u00bb global_colors_info=\u00a0\u00bb{}\u00a0\u00bb][et_pb_testimonial portrait_url=\u00a0\u00bbhttps:\/\/www.apic-entrepriseadaptee.com\/wp-content\/uploads\/2025\/11\/Capture-decran-2025-11-03-113100.jpg\u00a0\u00bb quote_icon=\u00a0\u00bboff\u00a0\u00bb portrait_width=\u00a0\u00bb90px\u00a0\u00bb portrait_height=\u00a0\u00bb85px\u00a0\u00bb author_tablet=\u00a0\u00bbLS Production \u00a0\u00bb author_phone=\u00a0\u00bbLS Production \u00a0\u00bb author_last_edited=\u00a0\u00bbon|desktop\u00a0\u00bb _builder_version=\u00a0\u00bb4.27.4&Prime; _module_preset=\u00a0\u00bbdefault\u00a0\u00bb author_font_size=\u00a0\u00bb12px\u00a0\u00bb author_line_height=\u00a0\u00bb1em\u00a0\u00bb custom_margin=\u00a0\u00bb0px||0px||false|false\u00a0\u00bb custom_padding=\u00a0\u00bb20px||0px||false|false\u00a0\u00bb hover_enabled=\u00a0\u00bb0&Prime; border_radii=\u00a0\u00bbon|25px|25px|25px|25px\u00a0\u00bb border_radii_portrait=\u00a0\u00bbon|0px|0px|0px|0px\u00a0\u00bb border_style_all_portrait=\u00a0\u00bbnone\u00a0\u00bb global_colors_info=\u00a0\u00bb{}\u00a0\u00bb title_text=\u00a0\u00bbCapture d\u2019\u00e9cran 2025-11-03 113100&Prime; sticky_enabled=\u00a0\u00bb0&Prime;]<\/p>\n<p style=\"text-align: justify;\">L\u2019Apica su r\u00e9pondre en un temps record \u00e0 notre demande de fabrication sur mesure d\u2019une plateforme d\u2019h\u00e9listation dans le cadre d\u2019un salon en Allemagne. La prestation a \u00e9t\u00e9 r\u00e9alis\u00e9e dans les contraintes de temps et de budget, et la solution imagin\u00e9e r\u00e9pondait aux attentes. Un grand merci \u00e0 l\u2019ensemble de l\u2019\u00e9quipe, qui a su faire preuve de cr\u00e9ativit\u00e9 !\u00a0<\/p>\n<p style=\"text-align: justify;\">[\/et_pb_testimonial][\/et_pb_column][et_pb_column type=\u00a0\u00bb1_2&Prime; _builder_version=\u00a0\u00bb4.27.4&Prime; _module_preset=\u00a0\u00bbdefault\u00a0\u00bb global_colors_info=\u00a0\u00bb{}\u00a0\u00bb][et_pb_image src=\u00a0\u00bbhttps:\/\/www.apic-entrepriseadaptee.com\/wp-content\/uploads\/2025\/11\/Capture-decran-2025-11-03-113732.jpg\u00a0\u00bb title_text=\u00a0\u00bbCapture d\u2019\u00e9cran 2025-11-03 113732&Prime; _builder_version=\u00a0\u00bb4.27.4&Prime; _module_preset=\u00a0\u00bbdefault\u00a0\u00bb width=\u00a0\u00bb96%\u00a0\u00bb custom_margin=\u00a0\u00bb-145px||0px||false|false\u00a0\u00bb custom_padding=\u00a0\u00bb0px||0px||false|false\u00a0\u00bb hover_enabled=\u00a0\u00bb0&Prime; border_radii=\u00a0\u00bbon|20px|20px|20px|20px\u00a0\u00bb global_colors_info=\u00a0\u00bb{}\u00a0\u00bb transform_scale=\u00a0\u00bb62%|62%\u00a0\u00bb sticky_enabled=\u00a0\u00bb0&Prime;][\/et_pb_image][\/et_pb_column][\/et_pb_row][\/et_pb_section]<\/p>\n","protected":false},"excerpt":{"rendered":"<p>R\u00e9habilitations de logement, peintures, rev\u00eatement de sols, ragr\u00e9age et pose de r\u00e9sine \ud83c\udfd7\ufe0f Finition b\u00e2timent : pour un rendu final impeccable La finition b\u00e2timent regroupe l\u2019ensemble des travaux r\u00e9alis\u00e9s apr\u00e8s le gros \u0153uvre pour garantir l\u2019esth\u00e9tique, la propret\u00e9 et la fonctionnalit\u00e9 d\u2019un b\u00e2timent. Que vous soyez particulier ou professionnel, faire appel \u00e0 un sp\u00e9cialiste de [&hellip;]<\/p>\n","protected":false},"author":1,"featured_media":0,"parent":0,"menu_order":0,"comment_status":"closed","ping_status":"closed","template":"","meta":{"_et_pb_use_builder":"on","_et_pb_old_content":"","_et_gb_content_width":"","footnotes":""},"class_list":["post-133","page","type-page","status-publish","hentry"],"_links":{"self":[{"href":"https:\/\/www.apic-entrepriseadaptee.com\/index.php?rest_route=\/wp\/v2\/pages\/133","targetHints":{"allow":["GET"]}}],"collection":[{"href":"https:\/\/www.apic-entrepriseadaptee.com\/index.php?rest_route=\/wp\/v2\/pages"}],"about":[{"href":"https:\/\/www.apic-entrepriseadaptee.com\/index.php?rest_route=\/wp\/v2\/types\/page"}],"author":[{"embeddable":true,"href":"https:\/\/www.apic-entrepriseadaptee.com\/index.php?rest_route=\/wp\/v2\/users\/1"}],"replies":[{"embeddable":true,"href":"https:\/\/www.apic-entrepriseadaptee.com\/index.php?rest_route=%2Fwp%2Fv2%2Fcomments&post=133"}],"version-history":[{"count":16,"href":"https:\/\/www.apic-entrepriseadaptee.com\/index.php?rest_route=\/wp\/v2\/pages\/133\/revisions"}],"predecessor-version":[{"id":693,"href":"https:\/\/www.apic-entrepriseadaptee.com\/index.php?rest_route=\/wp\/v2\/pages\/133\/revisions\/693"}],"wp:attachment":[{"href":"https:\/\/www.apic-entrepriseadaptee.com\/index.php?rest_route=%2Fwp%2Fv2%2Fmedia&parent=133"}],"curies":[{"name":"wp","href":"https:\/\/api.w.org\/{rel}","templated":true}]}}