{"id":131,"date":"2025-02-20T17:16:07","date_gmt":"2025-02-20T16:16:07","guid":{"rendered":"http:\/\/www.apic-entrepriseadaptee.com\/?page_id=131"},"modified":"2025-11-03T17:08:25","modified_gmt":"2025-11-03T16:08:25","slug":"chaudronnerie-metallerie","status":"publish","type":"page","link":"https:\/\/www.apic-entrepriseadaptee.com\/?page_id=131","title":{"rendered":"Chaudronnerie"},"content":{"rendered":"<p>[et_pb_section fb_built=\u00a0\u00bb1&Prime; fullwidth=\u00a0\u00bbon\u00a0\u00bb _builder_version=\u00a0\u00bb4.27.4&Prime; _module_preset=\u00a0\u00bbdefault\u00a0\u00bb background_image=\u00a0\u00bbhttps:\/\/www.apic-entrepriseadaptee.com\/wp-content\/uploads\/2025\/02\/portrait-man-working-as-warehouse-attendant-scaled-e1740735059414.jpg\u00a0\u00bb parallax=\u00a0\u00bbon\u00a0\u00bb global_colors_info=\u00a0\u00bb{}\u00a0\u00bb][et_pb_fullwidth_slider _builder_version=\u00a0\u00bb4.27.4&Prime; _module_preset=\u00a0\u00bbdefault\u00a0\u00bb background_color=\u00a0\u00bbRGBA(255,255,255,0)\u00a0\u00bb background_image=\u00a0\u00bbhttps:\/\/www.apic-entrepriseadaptee.com\/wp-content\/uploads\/2025\/07\/685.jpg\u00a0\u00bb parallax=\u00a0\u00bbon\u00a0\u00bb link_option_url=\u00a0\u00bbhttps:\/\/www.apic-entrepriseadaptee.com\/?page_id=478&#038;et_fb=1&#038;PageSpeed=off\u00a0\u00bb link_option_url_new_window=\u00a0\u00bbon\u00a0\u00bb global_colors_info=\u00a0\u00bb{}\u00a0\u00bb][et_pb_slide heading=\u00a0\u00bbChaudronnerie et m\u00e9tallerie\u00a0\u00bb button_text=\u00a0\u00bbDemander votre devis\u00a0\u00bb button_link=\u00a0\u00bbhttps:\/\/www.apic-entrepriseadaptee.com\/?page_id=478&Prime; url_new_window=\u00a0\u00bbon\u00a0\u00bb _builder_version=\u00a0\u00bb4.27.4&Prime; _module_preset=\u00a0\u00bbdefault\u00a0\u00bb global_colors_info=\u00a0\u00bb{}\u00a0\u00bb sticky_transition=\u00a0\u00bbon\u00a0\u00bb]<\/p>\n<p>Soudure TIG \/ MIG et Semi-automatique, cabine peinture d\u00e9bit, pliage, usinage, cintrage&#8230;<\/p>\n<p>[\/et_pb_slide][\/et_pb_fullwidth_slider][\/et_pb_section][et_pb_section fb_built=\u00a0\u00bb1&Prime; _builder_version=\u00a0\u00bb4.27.4&Prime; _module_preset=\u00a0\u00bbdefault\u00a0\u00bb custom_margin=\u00a0\u00bb0px||0px||false|false\u00a0\u00bb custom_padding=\u00a0\u00bb0px||15px||false|false\u00a0\u00bb global_colors_info=\u00a0\u00bb{}\u00a0\u00bb][et_pb_row _builder_version=\u00a0\u00bb4.27.4&Prime; _module_preset=\u00a0\u00bbdefault\u00a0\u00bb global_colors_info=\u00a0\u00bb{}\u00a0\u00bb][et_pb_column type=\u00a0\u00bb4_4&Prime; _builder_version=\u00a0\u00bb4.27.4&Prime; _module_preset=\u00a0\u00bbdefault\u00a0\u00bb global_colors_info=\u00a0\u00bb{}\u00a0\u00bb][et_pb_heading title=\u00a0\u00bbD\u00e9couvrez nos expertises en chaudronnerie \u00a0\u00bb _builder_version=\u00a0\u00bb4.27.4&Prime; _module_preset=\u00a0\u00bbdefault\u00a0\u00bb title_font=\u00a0\u00bb|700|||||||\u00a0\u00bb title_text_align=\u00a0\u00bbcenter\u00a0\u00bb title_text_color=\u00a0\u00bb#253779&Prime; global_colors_info=\u00a0\u00bb{}\u00a0\u00bb][\/et_pb_heading][\/et_pb_column][\/et_pb_row][et_pb_row column_structure=\u00a0\u00bb1_2,1_2&Prime; _builder_version=\u00a0\u00bb4.27.4&Prime; _module_preset=\u00a0\u00bbdefault\u00a0\u00bb custom_margin=\u00a0\u00bb0px||0px||false|false\u00a0\u00bb custom_padding=\u00a0\u00bb0px||0px||false|false\u00a0\u00bb global_colors_info=\u00a0\u00bb{}\u00a0\u00bb][et_pb_column type=\u00a0\u00bb1_2&Prime; _builder_version=\u00a0\u00bb4.27.4&Prime; _module_preset=\u00a0\u00bbdefault\u00a0\u00bb global_colors_info=\u00a0\u00bb{}\u00a0\u00bb][et_pb_text _builder_version=\u00a0\u00bb4.27.4&Prime; _module_preset=\u00a0\u00bbdefault\u00a0\u00bb global_colors_info=\u00a0\u00bb{}\u00a0\u00bb]<\/p>\n<p><span style=\"color: #000000;\"><strong>\ud83d\udc68\u200d\ud83c\udfedExpertise en chaudronnerie et M\u00e9cano-Soudure<\/strong><\/span><\/p>\n<p><span style=\"color: #000000;\">Sp\u00e9cialistes de la chaudronnerie industrielle, nous concevons et r\u00e9alisons des pi\u00e8ces m\u00e9talliques sur mesure, que ce soit en pi\u00e8ce unique ou en s\u00e9rie. Gr\u00e2ce \u00e0 notre savoir-faire, nous r\u00e9pondons \u00e0 des besoins vari\u00e9s, de la petite pi\u00e8ce technique \u00e0 des structures plus complexes.<\/span><\/p>\n<p><span style=\"color: #000000;\"><\/span><\/p>\n<p><span style=\"color: #000000;\"><strong>\u2692\ufe0fFabrication de rampes, barreaudages et structures m\u00e9talliques<\/strong><\/span><\/p>\n<p><span style=\"color: #000000;\">Notre atelier est \u00e9quip\u00e9 pour fabriquer tout type de rampes, garde-corps, barreaudages, ch\u00e2ssis et autres \u00e9l\u00e9ments m\u00e9talliques. Nous travaillons l&rsquo;acier, l&rsquo;inox et le Galva avec rigueur et pr\u00e9cision, pour garantir un r\u00e9sultat durable et esth\u00e9tique.<\/span><span style=\"color: #000000;\"><\/span><span style=\"color: #000000;\"><\/span><\/p>\n<p><span style=\"color: #000000;\"><\/span><\/p>\n<p><span style=\"color: #000000;\"><strong>\ud83c\udfa8Traitement de surface et finition professionnelle<\/strong><\/span><\/p>\n<p><span style=\"color: #000000;\">Pour prot\u00e9ger nos r\u00e9alisations de la corrosion et garantir leur durabilit\u00e9, nous disposons d&rsquo;une cabine de peinture industrielle d\u00e9di\u00e9e. Cela nous permet de proposer des finitions propres, durables et adapt\u00e9es \u00e0 chaque environnement d&rsquo;utilisation. <\/span><em><span style=\"color: #000000;\">Un traitement de galvanisation \u00e0 chaud est possible sur demande.<\/span><\/em><\/p>\n<p><em><span style=\"color: #000000;\"><\/span><\/em><\/p>\n<p><span style=\"color: #000000;\"><strong>\ud83d\udccfProduction sur mesure ou en s\u00e9rie<\/strong><\/span><\/p>\n<p><span style=\"color: #000000;\">Nous avons la capacit\u00e9 de r\u00e9pondre aussi bien \u00e0 des demandes sp\u00e9cifiques, avec des pi\u00e8ces uniques complexes, qu\u2019\u00e0 des productions en s\u00e9rie. Chaque projet est \u00e9tudi\u00e9 avec attention pour garantir une solution parfaitement adapt\u00e9e aux besoins du client (prise de c\u00f4tes, mod\u00e9lisation, r\u00e9lisation de plan sur SoliWorks, fabrication et pose).<\/span><\/p>\n<p><span style=\"color: #000000;\"><\/span><\/p>\n<p><span style=\"color: #000000;\"><\/span><\/p>\n<p><span style=\"color: #000000;\"><\/span><\/p>\n<p><span style=\"color: #000000;\"><\/span><\/p>\n<p>[\/et_pb_text][\/et_pb_column][et_pb_column type=\u00a0\u00bb1_2&Prime; _builder_version=\u00a0\u00bb4.27.4&Prime; _module_preset=\u00a0\u00bbdefault\u00a0\u00bb global_colors_info=\u00a0\u00bb{}\u00a0\u00bb][et_pb_gallery gallery_ids=\u00a0\u00bb579,580,581,707,709,710&Prime; gallery_orderby=\u00a0\u00bbrand\u00a0\u00bb fullwidth=\u00a0\u00bbon\u00a0\u00bb _builder_version=\u00a0\u00bb4.27.4&Prime; _module_preset=\u00a0\u00bbdefault\u00a0\u00bb transform_scale=\u00a0\u00bb88%|88%\u00a0\u00bb custom_margin=\u00a0\u00bb0px||0px||false|false\u00a0\u00bb custom_padding=\u00a0\u00bb0px||0px||false|false\u00a0\u00bb hover_enabled=\u00a0\u00bb0&Prime; global_colors_info=\u00a0\u00bb{}\u00a0\u00bb sticky_enabled=\u00a0\u00bb0&Prime;][\/et_pb_gallery][\/et_pb_column][\/et_pb_row][et_pb_row _builder_version=\u00a0\u00bb4.27.4&Prime; _module_preset=\u00a0\u00bbdefault\u00a0\u00bb custom_margin=\u00a0\u00bb0px||0px||false|false\u00a0\u00bb custom_padding=\u00a0\u00bb0px||0px||false|false\u00a0\u00bb global_colors_info=\u00a0\u00bb{}\u00a0\u00bb][et_pb_column type=\u00a0\u00bb4_4&Prime; _builder_version=\u00a0\u00bb4.27.4&Prime; _module_preset=\u00a0\u00bbdefault\u00a0\u00bb global_colors_info=\u00a0\u00bb{}\u00a0\u00bb][et_pb_text _builder_version=\u00a0\u00bb4.27.4&Prime; _module_preset=\u00a0\u00bbdefault\u00a0\u00bb global_colors_info=\u00a0\u00bb{}\u00a0\u00bb]<\/p>\n<p><span style=\"color: #000000;\"><strong>\ud83e\udd1dQualit\u00e9, r\u00e9activit\u00e9 et accompagnement<\/strong><\/span><\/p>\n<p><span style=\"color: #000000;\"><\/span><span style=\"color: #000000;\">Notre \u00e9quipe met un point d&rsquo;honneur \u00e0 livrer des r\u00e9alisations robustes, conformes aux exigences techniques et aux attentes esth\u00e9tiques. Nous accompagnons nos clients \u00e0 chaque \u00e9tape du projet, avec r\u00e9activit\u00e9, transparence et professionnalisme.<\/span><\/p>\n<p><span style=\"color: #000000;\"><\/span><\/p>\n<p>[\/et_pb_text][\/et_pb_column][\/et_pb_row][\/et_pb_section][et_pb_section fb_built=\u00a0\u00bb1&Prime; _builder_version=\u00a0\u00bb4.27.4&Prime; _module_preset=\u00a0\u00bbdefault\u00a0\u00bb custom_margin=\u00a0\u00bb0px||0px||false|false\u00a0\u00bb custom_padding=\u00a0\u00bb0px||0px||false|false\u00a0\u00bb global_colors_info=\u00a0\u00bb{}\u00a0\u00bb][et_pb_row column_structure=\u00a0\u00bb3_5,2_5&Prime; _builder_version=\u00a0\u00bb4.27.4&Prime; _module_preset=\u00a0\u00bbdefault\u00a0\u00bb global_colors_info=\u00a0\u00bb{}\u00a0\u00bb][et_pb_column type=\u00a0\u00bb3_5&Prime; _builder_version=\u00a0\u00bb4.27.4&Prime; _module_preset=\u00a0\u00bbdefault\u00a0\u00bb global_colors_info=\u00a0\u00bb{}\u00a0\u00bb][et_pb_text _builder_version=\u00a0\u00bb4.27.4&Prime; _module_preset=\u00a0\u00bbdefault\u00a0\u00bb global_colors_info=\u00a0\u00bb{}\u00a0\u00bb]<\/p>\n<p data-start=\"2658\" data-end=\"2729\"><span style=\"color: #000000;\">\ud83d\udcde<strong> Un besoin en chaudronnerie ? Contactez-nous !<\/strong><\/span><\/p>\n<p data-start=\"2731\" data-end=\"3000\"><span style=\"color: #000000;\">Vous recherchez une entreprise sp\u00e9cialis\u00e9e dans la chaudronnerie ou la m\u00e9tallerie ? <\/span><span style=\"color: #000000;\">Notre atelier est \u00e9quip\u00e9 pour r\u00e9pondre \u00e0 vos attentes. Demandez votre devis personnalis\u00e9 d\u00e8s maintenant !<\/span><\/p>\n<p>[\/et_pb_text][\/et_pb_column][et_pb_column type=\u00a0\u00bb2_5&Prime; _builder_version=\u00a0\u00bb4.27.4&Prime; _module_preset=\u00a0\u00bbdefault\u00a0\u00bb global_colors_info=\u00a0\u00bb{}\u00a0\u00bb][et_pb_button button_url=\u00a0\u00bbhttps:\/\/www.apic-entrepriseadaptee.com\/?page_id=478&Prime; button_text=\u00a0\u00bbDemandez votre devis !\u00a0\u00bb _builder_version=\u00a0\u00bb4.27.4&Prime; _module_preset=\u00a0\u00bbdefault\u00a0\u00bb custom_margin=\u00a0\u00bb30px|||30px|false|false\u00a0\u00bb global_colors_info=\u00a0\u00bb{}\u00a0\u00bb][\/et_pb_button][\/et_pb_column][\/et_pb_row][\/et_pb_section][et_pb_section fb_built=\u00a0\u00bb1&Prime; _builder_version=\u00a0\u00bb4.27.4&Prime; _module_preset=\u00a0\u00bbdefault\u00a0\u00bb global_colors_info=\u00a0\u00bb{}\u00a0\u00bb][et_pb_row _builder_version=\u00a0\u00bb4.27.4&Prime; _module_preset=\u00a0\u00bbdefault\u00a0\u00bb global_colors_info=\u00a0\u00bb{}\u00a0\u00bb][et_pb_column type=\u00a0\u00bb4_4&Prime; _builder_version=\u00a0\u00bb4.27.4&Prime; _module_preset=\u00a0\u00bbdefault\u00a0\u00bb global_colors_info=\u00a0\u00bb{}\u00a0\u00bb][et_pb_heading title=\u00a0\u00bbIls nous recommandent &#8230;\u00a0\u00bb _builder_version=\u00a0\u00bb4.27.4&Prime; _module_preset=\u00a0\u00bbdefault\u00a0\u00bb title_level=\u00a0\u00bbh3&Prime; title_font=\u00a0\u00bb|700|||||||\u00a0\u00bb title_text_align=\u00a0\u00bbleft\u00a0\u00bb title_text_color=\u00a0\u00bb#253779&Prime; global_colors_info=\u00a0\u00bb{}\u00a0\u00bb][\/et_pb_heading][\/et_pb_column][\/et_pb_row][et_pb_row column_structure=\u00a0\u00bb1_2,1_2&Prime; _builder_version=\u00a0\u00bb4.27.4&Prime; _module_preset=\u00a0\u00bbdefault\u00a0\u00bb global_module=\u00a0\u00bb641&Prime; saved_tabs=\u00a0\u00bball\u00a0\u00bb global_colors_info=\u00a0\u00bb{}\u00a0\u00bb][et_pb_column type=\u00a0\u00bb1_2&Prime; _builder_version=\u00a0\u00bb4.27.4&Prime; _module_preset=\u00a0\u00bbdefault\u00a0\u00bb global_colors_info=\u00a0\u00bb{}\u00a0\u00bb][et_pb_testimonial portrait_url=\u00a0\u00bbhttps:\/\/www.apic-entrepriseadaptee.com\/wp-content\/uploads\/2025\/10\/test-1.jpg\u00a0\u00bb quote_icon=\u00a0\u00bboff\u00a0\u00bb portrait_width=\u00a0\u00bb90px\u00a0\u00bb portrait_height=\u00a0\u00bb85px\u00a0\u00bb author_tablet=\u00a0\u00bbLS Production \u00a0\u00bb author_phone=\u00a0\u00bbLS Production \u00a0\u00bb author_last_edited=\u00a0\u00bbon|desktop\u00a0\u00bb _builder_version=\u00a0\u00bb4.27.4&Prime; _module_preset=\u00a0\u00bbdefault\u00a0\u00bb author_font_size=\u00a0\u00bb12px\u00a0\u00bb author_line_height=\u00a0\u00bb1em\u00a0\u00bb custom_margin=\u00a0\u00bb0px||0px||false|false\u00a0\u00bb custom_padding=\u00a0\u00bb20px||0px||false|false\u00a0\u00bb border_radii=\u00a0\u00bbon|25px|25px|25px|25px\u00a0\u00bb border_radii_portrait=\u00a0\u00bbon|0px|0px|0px|0px\u00a0\u00bb border_style_all_portrait=\u00a0\u00bbnone\u00a0\u00bb global_colors_info=\u00a0\u00bb{}\u00a0\u00bb]<\/p>\n<p style=\"text-align: justify;\">Je suis tr\u00e8s satisfait des prestations de l\u2019Apic, je travaille en collaboration avec une \u00e9quipe professionnelle, r\u00e9active et \u00e0 l\u2019\u00e9coute. <o:p><\/o:p><\/p>\n<p style=\"text-align: justify;\">Le personnel est toujours disponible, nous accompagne dans nos diff\u00e9rents projets, et nous apporte ses conseils techniques et r\u00e9glementaires. Nous avons travaill\u00e9 ensemble sur diff\u00e9rents sujets industriels comme les am\u00e9nagements et l\u2019ergonomie des postes de travail, les chariots de transports, les potences ergonomiques de levage, les plateformes de travail, les protections de s\u00e9curit\u00e9 pour les machines et les pi\u00e9tons, les signalisations et marquage au sol de l\u2019usine, et bien d\u2019autres sujets depuis de nombreuses ann\u00e9es.<o:p><\/o:p><\/p>\n<p class=\"xmsonormal\" style=\"text-align: justify;\">Je recommande vivement leur service. <o:p><\/o:p><\/p>\n<p>[\/et_pb_testimonial][\/et_pb_column][et_pb_column type=\u00a0\u00bb1_2&Prime; _builder_version=\u00a0\u00bb4.27.4&Prime; _module_preset=\u00a0\u00bbdefault\u00a0\u00bb global_colors_info=\u00a0\u00bb{}\u00a0\u00bb][et_pb_image src=\u00a0\u00bbhttps:\/\/www.apic-entrepriseadaptee.com\/wp-content\/uploads\/2025\/10\/Image1.jpg\u00a0\u00bb title_text=\u00a0\u00bbImage1&Prime; _builder_version=\u00a0\u00bb4.27.4&Prime; _module_preset=\u00a0\u00bbdefault\u00a0\u00bb width=\u00a0\u00bb96%\u00a0\u00bb custom_margin=\u00a0\u00bb0px||0px||false|false\u00a0\u00bb custom_padding=\u00a0\u00bb0px||0px||false|false\u00a0\u00bb border_radii=\u00a0\u00bbon|20px|20px|20px|20px\u00a0\u00bb global_colors_info=\u00a0\u00bb{}\u00a0\u00bb][\/et_pb_image][\/et_pb_column][\/et_pb_row][\/et_pb_section]<\/p>\n","protected":false},"excerpt":{"rendered":"<p>Soudure TIG \/ MIG et Semi-automatique, cabine peinture d\u00e9bit, pliage, usinage, cintrage&#8230;\ud83d\udc68\u200d\ud83c\udfedExpertise en chaudronnerie et M\u00e9cano-Soudure Sp\u00e9cialistes de la chaudronnerie industrielle, nous concevons et r\u00e9alisons des pi\u00e8ces m\u00e9talliques sur mesure, que ce soit en pi\u00e8ce unique ou en s\u00e9rie. Gr\u00e2ce \u00e0 notre savoir-faire, nous r\u00e9pondons \u00e0 des besoins vari\u00e9s, de la petite pi\u00e8ce technique \u00e0 [&hellip;]<\/p>\n","protected":false},"author":1,"featured_media":0,"parent":0,"menu_order":0,"comment_status":"closed","ping_status":"closed","template":"","meta":{"_et_pb_use_builder":"on","_et_pb_old_content":"","_et_gb_content_width":"","footnotes":""},"class_list":["post-131","page","type-page","status-publish","hentry"],"_links":{"self":[{"href":"https:\/\/www.apic-entrepriseadaptee.com\/index.php?rest_route=\/wp\/v2\/pages\/131","targetHints":{"allow":["GET"]}}],"collection":[{"href":"https:\/\/www.apic-entrepriseadaptee.com\/index.php?rest_route=\/wp\/v2\/pages"}],"about":[{"href":"https:\/\/www.apic-entrepriseadaptee.com\/index.php?rest_route=\/wp\/v2\/types\/page"}],"author":[{"embeddable":true,"href":"https:\/\/www.apic-entrepriseadaptee.com\/index.php?rest_route=\/wp\/v2\/users\/1"}],"replies":[{"embeddable":true,"href":"https:\/\/www.apic-entrepriseadaptee.com\/index.php?rest_route=%2Fwp%2Fv2%2Fcomments&post=131"}],"version-history":[{"count":31,"href":"https:\/\/www.apic-entrepriseadaptee.com\/index.php?rest_route=\/wp\/v2\/pages\/131\/revisions"}],"predecessor-version":[{"id":711,"href":"https:\/\/www.apic-entrepriseadaptee.com\/index.php?rest_route=\/wp\/v2\/pages\/131\/revisions\/711"}],"wp:attachment":[{"href":"https:\/\/www.apic-entrepriseadaptee.com\/index.php?rest_route=%2Fwp%2Fv2%2Fmedia&parent=131"}],"curies":[{"name":"wp","href":"https:\/\/api.w.org\/{rel}","templated":true}]}}